{"id":5401,"date":"2025-01-24T10:29:21","date_gmt":"2025-01-24T09:29:21","guid":{"rendered":"https:\/\/tacoraexplorer.com\/?post_type=product&#038;p=5401"},"modified":"2025-07-30T12:37:54","modified_gmt":"2025-07-30T10:37:54","slug":"termo-cafe-te-400ml","status":"publish","type":"product","link":"https:\/\/tacoraexplorer.com\/en\/product\/termo-cafe-te-400ml\/","title":{"rendered":"TERMO CAF\u00c9\/T\u00c9 400ML"},"content":{"rendered":"<ul>\n<li>Interior SS 304<\/li>\n<li>Exterior 201<\/li>\n<li>Capacidad: 400 ml<\/li>\n<li>Material duradero y ecol\u00f3gico: Fabricada con materiales de alta calidad, ideal para un uso prolongado y respetuosa con el medio ambiente.<\/li>\n<li>Tama\u00f1o pr\u00e1ctico y port\u00e1til: Ll\u00e9vala contigo al gimnasio, excursiones, oficina o viajes sin ocupar demasiado espacio.<\/li>\n<\/ul>\n","protected":false},"excerpt":{"rendered":"<p>Interior SS 304 Exterior 201 Capacidad: 400 ml Material duradero y ecol\u00f3gico: Fabricada con materiales de alta calidad, ideal para un uso prolongado y respetuosa con el medio ambiente. Tama\u00f1o pr\u00e1ctico y port\u00e1til: Ll\u00e9vala contigo al gimnasio, excursiones, oficina o viajes sin ocupar demasiado espacio.<\/p>\n","protected":false},"featured_media":6333,"comment_status":"open","ping_status":"closed","template":"","meta":[],"product_brand":[],"product_cat":[199],"product_tag":[],"class_list":{"0":"post-5401","1":"product","2":"type-product","3":"status-publish","4":"has-post-thumbnail","6":"product_cat-accesorios","8":"first","9":"instock","10":"shipping-taxable","11":"purchasable","12":"product-type-variable"},"_links":{"self":[{"href":"https:\/\/tacoraexplorer.com\/en\/wp-json\/wp\/v2\/product\/5401","targetHints":{"allow":["GET"]}}],"collection":[{"href":"https:\/\/tacoraexplorer.com\/en\/wp-json\/wp\/v2\/product"}],"about":[{"href":"https:\/\/tacoraexplorer.com\/en\/wp-json\/wp\/v2\/types\/product"}],"replies":[{"embeddable":true,"href":"https:\/\/tacoraexplorer.com\/en\/wp-json\/wp\/v2\/comments?post=5401"}],"wp:featuredmedia":[{"embeddable":true,"href":"https:\/\/tacoraexplorer.com\/en\/wp-json\/wp\/v2\/media\/6333"}],"wp:attachment":[{"href":"https:\/\/tacoraexplorer.com\/en\/wp-json\/wp\/v2\/media?parent=5401"}],"wp:term":[{"taxonomy":"product_brand","embeddable":true,"href":"https:\/\/tacoraexplorer.com\/en\/wp-json\/wp\/v2\/product_brand?post=5401"},{"taxonomy":"product_cat","embeddable":true,"href":"https:\/\/tacoraexplorer.com\/en\/wp-json\/wp\/v2\/product_cat?post=5401"},{"taxonomy":"product_tag","embeddable":true,"href":"https:\/\/tacoraexplorer.com\/en\/wp-json\/wp\/v2\/product_tag?post=5401"}],"curies":[{"name":"wp","href":"https:\/\/api.w.org\/{rel}","templated":true}]}}