{"id":6945,"date":"2025-03-04T15:20:38","date_gmt":"2025-03-04T14:20:38","guid":{"rendered":"https:\/\/tacoraexplorer.com\/notre-histoire\/"},"modified":"2026-03-02T11:18:54","modified_gmt":"2026-03-02T10:18:54","slug":"notre-histoire","status":"publish","type":"page","link":"https:\/\/tacoraexplorer.com\/fr\/notre-histoire\/","title":{"rendered":"Notre Histoire"},"content":{"rendered":"\t\t<div data-elementor-type=\"wp-page\" data-elementor-id=\"6945\" class=\"elementor elementor-6945 elementor-5539\" data-elementor-post-type=\"page\">\n\t\t\t\t\t\t<section class=\"elementor-section elementor-top-section elementor-element elementor-element-5158b412 elementor-section-boxed elementor-section-height-default elementor-section-height-default\" data-id=\"5158b412\" data-element_type=\"section\">\n\t\t\t\t\t\t<div class=\"elementor-container elementor-column-gap-default\">\n\t\t\t\t\t<div class=\"elementor-column elementor-col-33 elementor-top-column elementor-element elementor-element-11875c9\" data-id=\"11875c9\" data-element_type=\"column\">\n\t\t\t<div class=\"elementor-widget-wrap elementor-element-populated\">\n\t\t\t\t\t\t<div class=\"elementor-element elementor-element-6c441c0 elementor-widget elementor-widget-text-editor\" data-id=\"6c441c0\" data-element_type=\"widget\" data-widget_type=\"text-editor.default\">\n\t\t\t\t<div class=\"elementor-widget-container\">\n\t\t\t\t\t\t\t\t\t<div class=\"elementToProof\" style=\"text-align: justify;\" role=\"presentation\">Tout a commenc\u00e9 lors d\u2019une r\u00e9union d\u2019affaires o\u00f9 Arantxa, brand manager avec une grande exp\u00e9rience, recherchait un fournisseur capable de comprendre sa vision de la qualit\u00e9 et du style. C\u2019est ainsi qu\u2019elle a rencontr\u00e9 Peter, un artisan et entrepreneur passionn\u00e9 par son m\u00e9tier. Ce qui a commenc\u00e9 comme une simple relation commerciale s\u2019est rapidement transform\u00e9 en une alliance fond\u00e9e sur la passion du voyage, la qualit\u00e9 et le design.<\/div><div style=\"text-align: justify;\" role=\"presentation\"> <\/div><div class=\"elementToProof\" style=\"text-align: justify;\" role=\"presentation\">Ensemble, ils ont uni exp\u00e9rience et savoir-faire artisanal, d\u00e9passant les attentes des grandes marques. Cette collaboration a inspir\u00e9 la cr\u00e9ation de Tacora, une marque qui refl\u00e8te leur amour du voyage et leur engagement envers des produits durables et \u00e9l\u00e9gants.<\/div><div style=\"text-align: justify;\" role=\"presentation\"> <\/div><div class=\"elementToProof\" style=\"text-align: justify;\" role=\"presentation\">Avec plus de 20 ans d\u2019exp\u00e9rience dans la fabrication d\u2019\u00e9quipements outdoor, et apr\u00e8s avoir dirig\u00e9 une usine de 250 personnes, ils ont d\u00e9cid\u00e9 il y a 8 ans de donner vie \u00e0 Tacora : leur propre projet, d\u00e9di\u00e9 aux voyageurs \u00e0 la recherche de fonctionnalit\u00e9, de r\u00e9sistance et d\u2019\u00e9l\u00e9gance \u00e0 chaque aventure.<\/div><div style=\"text-align: justify;\" role=\"presentation\"> <\/div><div class=\"elementToProof\" style=\"text-align: justify;\" role=\"presentation\">Aujourd\u2019hui, Tacora con\u00e7oit et fabrique des sacs \u00e0 dos, des accessoires et des articles de voyage pens\u00e9s pour vous accompagner partout o\u00f9 vous allez. Chaque produit allie design pratique, mat\u00e9riaux r\u00e9sistants et la passion de ceux qui comprennent ce que signifie voyager.<\/div><div role=\"presentation\"> <\/div><div class=\"elementToProof\" role=\"presentation\">D\u00e9couvrez notre collection et faites de chaque voyage un moment m\u00e9morable.<\/div>\t\t\t\t\t\t\t\t<\/div>\n\t\t\t\t<\/div>\n\t\t\t\t\t<\/div>\n\t\t<\/div>\n\t\t\t\t<div class=\"elementor-column elementor-col-66 elementor-top-column elementor-element elementor-element-4b2de284\" data-id=\"4b2de284\" data-element_type=\"column\">\n\t\t\t<div class=\"elementor-widget-wrap elementor-element-populated\">\n\t\t\t\t\t\t<div class=\"elementor-element elementor-element-6f95a7e elementor-widget elementor-widget-image\" data-id=\"6f95a7e\" data-element_type=\"widget\" data-widget_type=\"image.default\">\n\t\t\t\t<div class=\"elementor-widget-container\">\n\t\t\t\t\t\t\t\t\t\t\t\t\t\t\t<img fetchpriority=\"high\" decoding=\"async\" width=\"595\" height=\"397\" src=\"https:\/\/tacoraexplorer.com\/wp-content\/uploads\/2025\/02\/quienes-somos-595x397.jpg\" class=\"attachment-large size-large wp-image-8773\" alt=\"\" srcset=\"https:\/\/tacoraexplorer.com\/wp-content\/uploads\/2025\/02\/quienes-somos-595x397.jpg 595w, https:\/\/tacoraexplorer.com\/wp-content\/uploads\/2025\/02\/quienes-somos-350x234.jpg 350w, https:\/\/tacoraexplorer.com\/wp-content\/uploads\/2025\/02\/quienes-somos-150x100.jpg 150w, https:\/\/tacoraexplorer.com\/wp-content\/uploads\/2025\/02\/quienes-somos-768x513.jpg 768w, https:\/\/tacoraexplorer.com\/wp-content\/uploads\/2025\/02\/quienes-somos-1536x1026.jpg 1536w, https:\/\/tacoraexplorer.com\/wp-content\/uploads\/2025\/02\/quienes-somos-2048x1368.jpg 2048w, https:\/\/tacoraexplorer.com\/wp-content\/uploads\/2025\/02\/quienes-somos-450x301.jpg 450w\" sizes=\"(max-width: 595px) 100vw, 595px\" \/>\t\t\t\t\t\t\t\t\t\t\t\t\t\t\t<\/div>\n\t\t\t\t<\/div>\n\t\t\t\t\t<\/div>\n\t\t<\/div>\n\t\t\t\t\t<\/div>\n\t\t<\/section>\n\t\t\t\t<\/div>\n\t\t","protected":false},"excerpt":{"rendered":"<p>Tout a commenc\u00e9 lors d\u2019une r\u00e9union d\u2019affaires o\u00f9 Arantxa, brand manager avec une grande exp\u00e9rience, recherchait un fournisseur capable de comprendre sa vision de la qualit\u00e9 et du style. C\u2019est ainsi qu\u2019elle a rencontr\u00e9 Peter, un artisan et entrepreneur passionn\u00e9 par son m\u00e9tier. Ce qui a commenc\u00e9 comme une simple relation commerciale s\u2019est rapidement transform\u00e9 [&hellip;]<\/p>\n","protected":false},"author":1,"featured_media":0,"parent":0,"menu_order":0,"comment_status":"closed","ping_status":"closed","template":"","meta":{"footnotes":""},"class_list":["post-6945","page","type-page","status-publish","hentry"],"_links":{"self":[{"href":"https:\/\/tacoraexplorer.com\/fr\/wp-json\/wp\/v2\/pages\/6945","targetHints":{"allow":["GET"]}}],"collection":[{"href":"https:\/\/tacoraexplorer.com\/fr\/wp-json\/wp\/v2\/pages"}],"about":[{"href":"https:\/\/tacoraexplorer.com\/fr\/wp-json\/wp\/v2\/types\/page"}],"author":[{"embeddable":true,"href":"https:\/\/tacoraexplorer.com\/fr\/wp-json\/wp\/v2\/users\/1"}],"replies":[{"embeddable":true,"href":"https:\/\/tacoraexplorer.com\/fr\/wp-json\/wp\/v2\/comments?post=6945"}],"version-history":[{"count":1,"href":"https:\/\/tacoraexplorer.com\/fr\/wp-json\/wp\/v2\/pages\/6945\/revisions"}],"predecessor-version":[{"id":6947,"href":"https:\/\/tacoraexplorer.com\/fr\/wp-json\/wp\/v2\/pages\/6945\/revisions\/6947"}],"wp:attachment":[{"href":"https:\/\/tacoraexplorer.com\/fr\/wp-json\/wp\/v2\/media?parent=6945"}],"curies":[{"name":"wp","href":"https:\/\/api.w.org\/{rel}","templated":true}]}}