{"id":7108,"date":"2025-03-04T15:59:52","date_gmt":"2025-03-04T14:59:52","guid":{"rendered":"https:\/\/tacoraexplorer.com\/durabilite\/"},"modified":"2026-03-17T11:04:07","modified_gmt":"2026-03-17T10:04:07","slug":"durabilite","status":"publish","type":"page","link":"https:\/\/tacoraexplorer.com\/fr\/durabilite\/","title":{"rendered":"Durabilit\u00e9"},"content":{"rendered":"\t\t<div data-elementor-type=\"wp-page\" data-elementor-id=\"7108\" class=\"elementor elementor-7108 elementor-5575\" data-elementor-post-type=\"page\">\n\t\t\t\t<div class=\"elementor-element elementor-element-7f93fd2 e-flex e-con-boxed e-con e-parent\" data-id=\"7f93fd2\" data-element_type=\"container\">\n\t\t\t\t\t<div class=\"e-con-inner\">\n\t\t\t\t<div class=\"elementor-element elementor-element-c61e517 elementor-widget elementor-widget-heading\" data-id=\"c61e517\" data-element_type=\"widget\" data-widget_type=\"heading.default\">\n\t\t\t\t<div class=\"elementor-widget-container\">\n\t\t\t\t\t<h1 class=\"elementor-heading-title elementor-size-default\">VOYAGEZ DE MANI\u00c8RE DURABLE, CR\u00c9EZ DES SOUVENIRS<\/h1>\t\t\t\t<\/div>\n\t\t\t\t<\/div>\n\t\t\t\t<div class=\"elementor-element elementor-element-20d3f89 elementor-widget elementor-widget-text-editor\" data-id=\"20d3f89\" data-element_type=\"widget\" data-widget_type=\"text-editor.default\">\n\t\t\t\t<div class=\"elementor-widget-container\">\n\t\t\t\t\t\t\t\t\t<h5>Nous proposons une large gamme de produits de voyage avec lesquels vous pouvez cr\u00e9er mille souvenirs. Et quoi de mieux que de le faire avec des produits issus de bouteilles et de d\u00e9chets recycl\u00e9s ? Utilisons-les de mani\u00e8re responsable.  <\/h5>\t\t\t\t\t\t\t\t<\/div>\n\t\t\t\t<\/div>\n\t\t\t\t\t<\/div>\n\t\t\t\t<\/div>\n\t\t<div class=\"elementor-element elementor-element-01d8507 e-grid e-con-boxed e-con e-parent\" data-id=\"01d8507\" data-element_type=\"container\">\n\t\t\t\t\t<div class=\"e-con-inner\">\n\t\t<div class=\"elementor-element elementor-element-81f0315 e-con-full e-flex e-con e-child\" data-id=\"81f0315\" data-element_type=\"container\">\n\t\t\t\t<div class=\"elementor-element elementor-element-1f98ed3 elementor-widget elementor-widget-image\" data-id=\"1f98ed3\" data-element_type=\"widget\" data-widget_type=\"image.default\">\n\t\t\t\t<div class=\"elementor-widget-container\">\n\t\t\t\t\t\t\t\t\t\t\t\t\t\t\t<img fetchpriority=\"high\" decoding=\"async\" width=\"234\" height=\"300\" src=\"https:\/\/tacoraexplorer.com\/wp-content\/uploads\/2025\/03\/RPET-label-282-29-2880w-234x300.webp\" class=\"attachment-medium size-medium wp-image-7109\" alt=\"\" srcset=\"https:\/\/tacoraexplorer.com\/wp-content\/uploads\/2025\/03\/RPET-label-282-29-2880w-234x300.webp 234w, https:\/\/tacoraexplorer.com\/wp-content\/uploads\/2025\/03\/RPET-label-282-29-2880w-595x764.webp 595w, https:\/\/tacoraexplorer.com\/wp-content\/uploads\/2025\/03\/RPET-label-282-29-2880w-117x150.webp 117w, https:\/\/tacoraexplorer.com\/wp-content\/uploads\/2025\/03\/RPET-label-282-29-2880w-768x987.webp 768w, https:\/\/tacoraexplorer.com\/wp-content\/uploads\/2025\/03\/RPET-label-282-29-2880w-450x578.webp 450w, https:\/\/tacoraexplorer.com\/wp-content\/uploads\/2025\/03\/RPET-label-282-29-2880w.webp 843w\" sizes=\"(max-width: 234px) 100vw, 234px\" \/>\t\t\t\t\t\t\t\t\t\t\t\t\t\t\t<\/div>\n\t\t\t\t<\/div>\n\t\t\t\t<\/div>\n\t\t<div class=\"elementor-element elementor-element-330d0d5 e-con-full e-flex e-con e-child\" data-id=\"330d0d5\" data-element_type=\"container\">\n\t\t\t\t<div class=\"elementor-element elementor-element-8fdb8d4 elementor-widget elementor-widget-heading\" data-id=\"8fdb8d4\" data-element_type=\"widget\" data-widget_type=\"heading.default\">\n\t\t\t\t<div class=\"elementor-widget-container\">\n\t\t\t\t\t<h2 class=\"elementor-heading-title elementor-size-default\">CE QUI NOUS TIENT \u00c0 C\u0152UR<\/h2>\t\t\t\t<\/div>\n\t\t\t\t<\/div>\n\t\t\t\t<div class=\"elementor-element elementor-element-6f5c5fa elementor-widget elementor-widget-text-editor\" data-id=\"6f5c5fa\" data-element_type=\"widget\" data-widget_type=\"text-editor.default\">\n\t\t\t\t<div class=\"elementor-widget-container\">\n\t\t\t\t\t\t\t\t\t<p class=\"text-align-justify m-size-13\"><span class=\"m-font-size-13\">Nos produits sont fabriqu\u00e9s \u00e0 partir de tissu con\u00e7u \u00e0 partir de bouteilles en plastique r\u00e9cup\u00e9r\u00e9es en mer.<\/span><\/p><p class=\"text-align-justify m-size-13\"><span class=\"m-font-size-13\">Aujourd\u2019hui, la durabilit\u00e9 est essentielle ; nous sommes de plus en plus conscients de son importance. Et il y a de plus en plus de d\u00e9chets permettant de cr\u00e9er davantage de mat\u00e9riaux recycl\u00e9s. <\/span><\/p>\t\t\t\t\t\t\t\t<\/div>\n\t\t\t\t<\/div>\n\t\t\t\t<\/div>\n\t\t\t\t\t<\/div>\n\t\t\t\t<\/div>\n\t\t<div class=\"elementor-element elementor-element-ca6f86c e-grid e-con-boxed e-con e-parent\" data-id=\"ca6f86c\" data-element_type=\"container\">\n\t\t\t\t\t<div class=\"e-con-inner\">\n\t\t<div class=\"elementor-element elementor-element-c640c53 e-con-full e-flex e-con e-child\" data-id=\"c640c53\" data-element_type=\"container\">\n\t\t\t\t<div class=\"elementor-element elementor-element-bd72222 elementor-widget elementor-widget-heading\" data-id=\"bd72222\" data-element_type=\"widget\" data-widget_type=\"heading.default\">\n\t\t\t\t<div class=\"elementor-widget-container\">\n\t\t\t\t\t<h2 class=\"elementor-heading-title elementor-size-default\">GLOBAL RECYCLED STANDARD<\/h2>\t\t\t\t<\/div>\n\t\t\t\t<\/div>\n\t\t\t\t<div class=\"elementor-element elementor-element-4382767 elementor-widget elementor-widget-text-editor\" data-id=\"4382767\" data-element_type=\"widget\" data-widget_type=\"text-editor.default\">\n\t\t\t\t<div class=\"elementor-widget-container\">\n\t\t\t\t\t\t\t\t\t<p class=\"text-align-justify m-size-13\">La certification GRS valide notre engagement en faveur de la durabilit\u00e9. Cette norme internationale ne v\u00e9rifie pas seulement le contenu recycl\u00e9 de nos produits, mais garantit \u00e9galement que nos pratiques de production sont responsables et durables. En respectant les crit\u00e8res rigoureux du GRS, nous d\u00e9montrons notre engagement envers la transparence et la responsabilit\u00e9.  <\/p>\t\t\t\t\t\t\t\t<\/div>\n\t\t\t\t<\/div>\n\t\t\t\t<\/div>\n\t\t<div class=\"elementor-element elementor-element-348c1a8 e-con-full e-flex e-con e-child\" data-id=\"348c1a8\" data-element_type=\"container\">\n\t\t\t\t<div class=\"elementor-element elementor-element-6ed9a32 elementor-widget elementor-widget-image\" data-id=\"6ed9a32\" data-element_type=\"widget\" data-widget_type=\"image.default\">\n\t\t\t\t<div class=\"elementor-widget-container\">\n\t\t\t\t\t\t\t\t\t\t\t\t\t\t\t<img decoding=\"async\" width=\"350\" height=\"190\" src=\"https:\/\/tacoraexplorer.com\/wp-content\/uploads\/2025\/03\/global_recycled-350x190.webp\" class=\"attachment-medium size-medium wp-image-7110\" alt=\"\" srcset=\"https:\/\/tacoraexplorer.com\/wp-content\/uploads\/2025\/03\/global_recycled-350x190.webp 350w, https:\/\/tacoraexplorer.com\/wp-content\/uploads\/2025\/03\/global_recycled-595x323.webp 595w, https:\/\/tacoraexplorer.com\/wp-content\/uploads\/2025\/03\/global_recycled-150x81.webp 150w, https:\/\/tacoraexplorer.com\/wp-content\/uploads\/2025\/03\/global_recycled-768x416.webp 768w, https:\/\/tacoraexplorer.com\/wp-content\/uploads\/2025\/03\/global_recycled-590x320.webp 590w, https:\/\/tacoraexplorer.com\/wp-content\/uploads\/2025\/03\/global_recycled-450x244.webp 450w, https:\/\/tacoraexplorer.com\/wp-content\/uploads\/2025\/03\/global_recycled.webp 1114w\" sizes=\"(max-width: 350px) 100vw, 350px\" \/>\t\t\t\t\t\t\t\t\t\t\t\t\t\t\t<\/div>\n\t\t\t\t<\/div>\n\t\t\t\t<\/div>\n\t\t\t\t\t<\/div>\n\t\t\t\t<\/div>\n\t\t<div class=\"elementor-element elementor-element-0f98e00 e-flex e-con-boxed e-con e-parent\" data-id=\"0f98e00\" data-element_type=\"container\">\n\t\t\t\t\t<div class=\"e-con-inner\">\n\t\t\t\t<div class=\"elementor-element elementor-element-359a092 elementor-widget elementor-widget-heading\" data-id=\"359a092\" data-element_type=\"widget\" data-widget_type=\"heading.default\">\n\t\t\t\t<div class=\"elementor-widget-container\">\n\t\t\t\t\t<h1 class=\"elementor-heading-title elementor-size-default\">NOTRE PROCESSUS<\/h1>\t\t\t\t<\/div>\n\t\t\t\t<\/div>\n\t\t\t\t<div class=\"elementor-element elementor-element-76395c9 elementor-widget elementor-widget-text-editor\" data-id=\"76395c9\" data-element_type=\"widget\" data-widget_type=\"text-editor.default\">\n\t\t\t\t<div class=\"elementor-widget-container\">\n\t\t\t\t\t\t\t\t\t<h5>En recyclant, nous ne donnons pas seulement une nouvelle vie aux bouteilles en plastique, mais nous contribuons \u00e9galement activement \u00e0 la pr\u00e9servation de notre environnement, en favorisant un cycle durable qui b\u00e9n\u00e9ficie aux g\u00e9n\u00e9rations futures.<\/h5>\t\t\t\t\t\t\t\t<\/div>\n\t\t\t\t<\/div>\n\t\t\t\t\t<\/div>\n\t\t\t\t<\/div>\n\t\t<div class=\"elementor-element elementor-element-010f51f e-grid e-con-boxed e-con e-parent\" data-id=\"010f51f\" data-element_type=\"container\">\n\t\t\t\t\t<div class=\"e-con-inner\">\n\t\t<div class=\"elementor-element elementor-element-c0c9b9f e-con-full e-flex e-con e-child\" data-id=\"c0c9b9f\" data-element_type=\"container\">\n\t\t\t\t<div class=\"elementor-element elementor-element-6d0a060 elementor-widget elementor-widget-image\" data-id=\"6d0a060\" data-element_type=\"widget\" data-widget_type=\"image.default\">\n\t\t\t\t<div class=\"elementor-widget-container\">\n\t\t\t\t\t\t\t\t\t\t\t\t\t\t\t<img decoding=\"async\" src=\"https:\/\/tacoraexplorer.com\/wp-content\/uploads\/elementor\/thumbs\/7-2880w-r2dcqxs4sm55thi7kt3o0nhgi2t6oen61nafey6se0.webp\" title=\"7-2880w\" alt=\"7-2880w\" loading=\"lazy\" \/>\t\t\t\t\t\t\t\t\t\t\t\t\t\t\t<\/div>\n\t\t\t\t<\/div>\n\t\t\t\t<div class=\"elementor-element elementor-element-d44162b elementor-widget elementor-widget-heading\" data-id=\"d44162b\" data-element_type=\"widget\" data-widget_type=\"heading.default\">\n\t\t\t\t<div class=\"elementor-widget-container\">\n\t\t\t\t\t<h2 class=\"elementor-heading-title elementor-size-default\">Recyclage des bouteilles en plastique usag\u00e9es<\/h2>\t\t\t\t<\/div>\n\t\t\t\t<\/div>\n\t\t\t\t<\/div>\n\t\t<div class=\"elementor-element elementor-element-423e02b e-con-full e-flex e-con e-child\" data-id=\"423e02b\" data-element_type=\"container\">\n\t\t\t\t<div class=\"elementor-element elementor-element-9f0cea2 elementor-widget elementor-widget-image\" data-id=\"9f0cea2\" data-element_type=\"widget\" data-widget_type=\"image.default\">\n\t\t\t\t<div class=\"elementor-widget-container\">\n\t\t\t\t\t\t\t\t\t\t\t\t\t\t\t<img decoding=\"async\" src=\"https:\/\/tacoraexplorer.com\/wp-content\/uploads\/elementor\/thumbs\/8-2880w-r2dcqvwgey2l69kxvsaevnyjbb2g90fpddzgge9kqg.webp\" title=\"8-2880w\" alt=\"8-2880w\" loading=\"lazy\" \/>\t\t\t\t\t\t\t\t\t\t\t\t\t\t\t<\/div>\n\t\t\t\t<\/div>\n\t\t\t\t<div class=\"elementor-element elementor-element-abef12e elementor-widget elementor-widget-heading\" data-id=\"abef12e\" data-element_type=\"widget\" data-widget_type=\"heading.default\">\n\t\t\t\t<div class=\"elementor-widget-container\">\n\t\t\t\t\t<h2 class=\"elementor-heading-title elementor-size-default\">D\u00e9coupe et tri des bouteilles en plastique usag\u00e9es collect\u00e9es<\/h2>\t\t\t\t<\/div>\n\t\t\t\t<\/div>\n\t\t\t\t<\/div>\n\t\t<div class=\"elementor-element elementor-element-a7bf9f2 e-con-full e-flex e-con e-child\" data-id=\"a7bf9f2\" data-element_type=\"container\">\n\t\t\t\t<div class=\"elementor-element elementor-element-1d8af64 elementor-widget elementor-widget-image\" data-id=\"1d8af64\" data-element_type=\"widget\" data-widget_type=\"image.default\">\n\t\t\t\t<div class=\"elementor-widget-container\">\n\t\t\t\t\t\t\t\t\t\t\t\t\t\t\t<img decoding=\"async\" src=\"https:\/\/tacoraexplorer.com\/wp-content\/uploads\/elementor\/thumbs\/9-2880w-r2dcqu0s1a00j1no6rh5qofm4jbptm88p4ohhucd2w.webp\" title=\"9-2880w\" alt=\"9-2880w\" loading=\"lazy\" \/>\t\t\t\t\t\t\t\t\t\t\t\t\t\t\t<\/div>\n\t\t\t\t<\/div>\n\t\t\t\t<div class=\"elementor-element elementor-element-85b4147 elementor-widget elementor-widget-heading\" data-id=\"85b4147\" data-element_type=\"widget\" data-widget_type=\"heading.default\">\n\t\t\t\t<div class=\"elementor-widget-container\">\n\t\t\t\t\t<h2 class=\"elementor-heading-title elementor-size-default\">Fonte du plastique \u00e0 250\u00b0C<\/h2>\t\t\t\t<\/div>\n\t\t\t\t<\/div>\n\t\t\t\t<\/div>\n\t\t\t\t\t<\/div>\n\t\t\t\t<\/div>\n\t\t<div class=\"elementor-element elementor-element-4b6ef6b e-grid e-con-boxed e-con e-parent\" data-id=\"4b6ef6b\" data-element_type=\"container\">\n\t\t\t\t\t<div class=\"e-con-inner\">\n\t\t<div class=\"elementor-element elementor-element-9b3f1e8 e-con-full e-flex e-con e-child\" data-id=\"9b3f1e8\" data-element_type=\"container\">\n\t\t\t\t<div class=\"elementor-element elementor-element-9150028 elementor-widget elementor-widget-image\" data-id=\"9150028\" data-element_type=\"widget\" data-widget_type=\"image.default\">\n\t\t\t\t<div class=\"elementor-widget-container\">\n\t\t\t\t\t\t\t\t\t\t\t\t\t\t\t<img decoding=\"async\" src=\"https:\/\/tacoraexplorer.com\/wp-content\/uploads\/elementor\/thumbs\/threads-1383249_640-2880w-r2dctoh6q7w9ojiukhrhsgkuvjaq4mizf7set04g8o.webp\" title=\"threads-1383249_640-2880w\" alt=\"threads-1383249_640-2880w\" loading=\"lazy\" \/>\t\t\t\t\t\t\t\t\t\t\t\t\t\t\t<\/div>\n\t\t\t\t<\/div>\n\t\t\t\t<div class=\"elementor-element elementor-element-1910722 elementor-widget elementor-widget-heading\" data-id=\"1910722\" data-element_type=\"widget\" data-widget_type=\"heading.default\">\n\t\t\t\t<div class=\"elementor-widget-container\">\n\t\t\t\t\t<h2 class=\"elementor-heading-title elementor-size-default\">Nous r\u00e9cup\u00e9rons le plastique recycl\u00e9 pour le transformer en nouveau fil<\/h2>\t\t\t\t<\/div>\n\t\t\t\t<\/div>\n\t\t\t\t<\/div>\n\t\t<div class=\"elementor-element elementor-element-7dfa73e e-con-full e-flex e-con e-child\" data-id=\"7dfa73e\" data-element_type=\"container\">\n\t\t\t\t<div class=\"elementor-element elementor-element-5a9a387 elementor-widget elementor-widget-image\" data-id=\"5a9a387\" data-element_type=\"widget\" data-widget_type=\"image.default\">\n\t\t\t\t<div class=\"elementor-widget-container\">\n\t\t\t\t\t\t\t\t\t\t\t\t\t\t\t<img decoding=\"async\" src=\"https:\/\/tacoraexplorer.com\/wp-content\/uploads\/elementor\/thumbs\/11-2880w-r2dcqr79grw5k7rrn89a1758cdpm6ix1oqq120gjlk.webp\" title=\"11-2880w\" alt=\"11-2880w\" loading=\"lazy\" \/>\t\t\t\t\t\t\t\t\t\t\t\t\t\t\t<\/div>\n\t\t\t\t<\/div>\n\t\t\t\t<div class=\"elementor-element elementor-element-c28d9fc elementor-widget elementor-widget-heading\" data-id=\"c28d9fc\" data-element_type=\"widget\" data-widget_type=\"heading.default\">\n\t\t\t\t<div class=\"elementor-widget-container\">\n\t\t\t\t\t<h2 class=\"elementor-heading-title elementor-size-default\">Utilisation du fil pour produire diff\u00e9rents tissus, fermetures \u00e9clair, sangles, etc.\n<\/h2>\t\t\t\t<\/div>\n\t\t\t\t<\/div>\n\t\t\t\t<\/div>\n\t\t<div class=\"elementor-element elementor-element-3fdfb74 e-con-full e-flex e-con e-child\" data-id=\"3fdfb74\" data-element_type=\"container\">\n\t\t\t\t<div class=\"elementor-element elementor-element-5685f35 elementor-widget elementor-widget-image\" data-id=\"5685f35\" data-element_type=\"widget\" data-widget_type=\"image.default\">\n\t\t\t\t<div class=\"elementor-widget-container\">\n\t\t\t\t\t\t\t\t\t\t\t\t\t\t\t<img decoding=\"async\" src=\"https:\/\/tacoraexplorer.com\/wp-content\/uploads\/elementor\/thumbs\/bottle-plastic-1920w-r2daqj9od111isobd0f7gf898locrq7hra8zmnjho8.webp\" title=\"bottle-plastic-1920w\" alt=\"bottle-plastic-1920w\" loading=\"lazy\" \/>\t\t\t\t\t\t\t\t\t\t\t\t\t\t\t<\/div>\n\t\t\t\t<\/div>\n\t\t\t\t<div class=\"elementor-element elementor-element-c3ca9f5 elementor-widget elementor-widget-heading\" data-id=\"c3ca9f5\" data-element_type=\"widget\" data-widget_type=\"heading.default\">\n\t\t\t\t<div class=\"elementor-widget-container\">\n\t\t\t\t\t<h2 class=\"elementor-heading-title elementor-size-default\">\u00ab Nous sommes fiers de contribuer \u00e0 la protection de notre plan\u00e8te \u00bb<\/h2>\t\t\t\t<\/div>\n\t\t\t\t<\/div>\n\t\t\t\t<\/div>\n\t\t\t\t\t<\/div>\n\t\t\t\t<\/div>\n\t\t<div class=\"elementor-element elementor-element-6cabaf6 e-flex e-con-boxed e-con e-parent\" data-id=\"6cabaf6\" data-element_type=\"container\">\n\t\t\t\t\t<div class=\"e-con-inner\">\n\t\t\t\t<div class=\"elementor-element elementor-element-f97ebd4 elementor-widget elementor-widget-heading\" data-id=\"f97ebd4\" data-element_type=\"widget\" data-widget_type=\"heading.default\">\n\t\t\t\t<div class=\"elementor-widget-container\">\n\t\t\t\t\t<h1 class=\"elementor-heading-title elementor-size-default\">\u00c9TAPE PAR \u00c9TAPE<\/h1>\t\t\t\t<\/div>\n\t\t\t\t<\/div>\n\t\t\t\t<div class=\"elementor-element elementor-element-82cbc82 elementor-widget elementor-widget-text-editor\" data-id=\"82cbc82\" data-element_type=\"widget\" data-widget_type=\"text-editor.default\">\n\t\t\t\t<div class=\"elementor-widget-container\">\n\t\t\t\t\t\t\t\t\t<div id=\"1041918086\" class=\"u_1041918086 dmNewParagraph text-align-center\" data-element-type=\"paragraph\" data-version=\"5\"><p class=\"size-16 m-size-13\"><span class=\"font-size-16 m-font-size-13\">Chaque bouteille recycl\u00e9e repr\u00e9sente une avanc\u00e9e significative vers une plan\u00e8te plus propre et plus verte, d\u00e9montrant que de petites actions peuvent g\u00e9n\u00e9rer de grands changements.<\/span><\/p><\/div>\t\t\t\t\t\t\t\t<\/div>\n\t\t\t\t<\/div>\n\t\t\t\t\t<\/div>\n\t\t\t\t<\/div>\n\t\t<div class=\"elementor-element elementor-element-1c0d400 e-flex e-con-boxed e-con e-parent\" data-id=\"1c0d400\" data-element_type=\"container\">\n\t\t\t\t\t<div class=\"e-con-inner\">\n\t\t\t\t<div class=\"elementor-element elementor-element-8edad4a elementor-widget elementor-widget-image\" data-id=\"8edad4a\" data-element_type=\"widget\" data-widget_type=\"image.default\">\n\t\t\t\t<div class=\"elementor-widget-container\">\n\t\t\t\t\t\t\t\t\t\t\t\t\t\t\t<img decoding=\"async\" width=\"595\" height=\"171\" src=\"https:\/\/tacoraexplorer.com\/wp-content\/uploads\/2025\/03\/6-1920w-595x171.webp\" class=\"attachment-large size-large wp-image-7115\" alt=\"\" srcset=\"https:\/\/tacoraexplorer.com\/wp-content\/uploads\/2025\/03\/6-1920w-595x171.webp 595w, https:\/\/tacoraexplorer.com\/wp-content\/uploads\/2025\/03\/6-1920w-350x101.webp 350w, https:\/\/tacoraexplorer.com\/wp-content\/uploads\/2025\/03\/6-1920w-150x43.webp 150w, https:\/\/tacoraexplorer.com\/wp-content\/uploads\/2025\/03\/6-1920w-768x221.webp 768w, https:\/\/tacoraexplorer.com\/wp-content\/uploads\/2025\/03\/6-1920w-450x130.webp 450w, https:\/\/tacoraexplorer.com\/wp-content\/uploads\/2025\/03\/6-1920w.webp 1000w\" sizes=\"(max-width: 595px) 100vw, 595px\" \/>\t\t\t\t\t\t\t\t\t\t\t\t\t\t\t<\/div>\n\t\t\t\t<\/div>\n\t\t\t\t\t<\/div>\n\t\t\t\t<\/div>\n\t\t<div class=\"elementor-element elementor-element-09cd0f6 e-grid e-con-boxed e-con e-parent\" data-id=\"09cd0f6\" data-element_type=\"container\">\n\t\t\t\t\t<div class=\"e-con-inner\">\n\t\t<div class=\"elementor-element elementor-element-4b34c17 e-con-full e-flex e-con e-child\" data-id=\"4b34c17\" data-element_type=\"container\" data-settings=\"{&quot;background_background&quot;:&quot;classic&quot;}\">\n\t\t\t\t<div class=\"elementor-element elementor-element-28c5ac9 elementor-widget elementor-widget-heading\" data-id=\"28c5ac9\" data-element_type=\"widget\" data-widget_type=\"heading.default\">\n\t\t\t\t<div class=\"elementor-widget-container\">\n\t\t\t\t\t<h2 class=\"elementor-heading-title elementor-size-default\">PRODUIT FINAL FABRIQU\u00c9 AVEC 24 BOUTEILLES RECYCL\u00c9ES<\/h2>\t\t\t\t<\/div>\n\t\t\t\t<\/div>\n\t\t\t\t<div class=\"elementor-element elementor-element-e79e991 elementor-align-center elementor-widget elementor-widget-button\" data-id=\"e79e991\" data-element_type=\"widget\" data-widget_type=\"button.default\">\n\t\t\t\t<div class=\"elementor-widget-container\">\n\t\t\t\t\t\t\t\t\t<div class=\"elementor-button-wrapper\">\n\t\t\t\t\t<a class=\"elementor-button elementor-button-link elementor-size-sm\" href=\"#\">\n\t\t\t\t\t\t<span class=\"elementor-button-content-wrapper\">\n\t\t\t\t\t\t\t\t\t<span class=\"elementor-button-text\">EXPLOREZ LA BOUTIQUE<\/span>\n\t\t\t\t\t<\/span>\n\t\t\t\t\t<\/a>\n\t\t\t\t<\/div>\n\t\t\t\t\t\t\t\t<\/div>\n\t\t\t\t<\/div>\n\t\t\t\t<\/div>\n\t\t<div class=\"elementor-element elementor-element-4cc8b98 e-con-full e-flex e-con e-child\" data-id=\"4cc8b98\" data-element_type=\"container\">\n\t\t\t\t<div class=\"elementor-element elementor-element-2b67f2e elementor-widget elementor-widget-image\" data-id=\"2b67f2e\" data-element_type=\"widget\" data-widget_type=\"image.default\">\n\t\t\t\t<div class=\"elementor-widget-container\">\n\t\t\t\t\t\t\t\t\t\t\t\t\t\t\t<img loading=\"lazy\" decoding=\"async\" width=\"350\" height=\"270\" src=\"https:\/\/tacoraexplorer.com\/wp-content\/uploads\/2025\/03\/descarga3-2880w-350x270.webp\" class=\"attachment-medium size-medium wp-image-7117\" alt=\"\" srcset=\"https:\/\/tacoraexplorer.com\/wp-content\/uploads\/2025\/03\/descarga3-2880w-350x270.webp 350w, https:\/\/tacoraexplorer.com\/wp-content\/uploads\/2025\/03\/descarga3-2880w-150x116.webp 150w, https:\/\/tacoraexplorer.com\/wp-content\/uploads\/2025\/03\/descarga3-2880w-450x348.webp 450w, https:\/\/tacoraexplorer.com\/wp-content\/uploads\/2025\/03\/descarga3-2880w.webp 493w\" sizes=\"(max-width: 350px) 100vw, 350px\" \/>\t\t\t\t\t\t\t\t\t\t\t\t\t\t\t<\/div>\n\t\t\t\t<\/div>\n\t\t\t\t<\/div>\n\t\t\t\t\t<\/div>\n\t\t\t\t<\/div>\n\t\t<div class=\"elementor-element elementor-element-7436f72 e-flex e-con-boxed e-con e-parent\" data-id=\"7436f72\" data-element_type=\"container\" data-settings=\"{&quot;background_background&quot;:&quot;classic&quot;}\">\n\t\t\t\t\t<div class=\"e-con-inner\">\n\t\t\t\t<div class=\"elementor-element elementor-element-1d25d79 elementor-widget elementor-widget-heading\" data-id=\"1d25d79\" data-element_type=\"widget\" data-widget_type=\"heading.default\">\n\t\t\t\t<div class=\"elementor-widget-container\">\n\t\t\t\t\t<h1 class=\"elementor-heading-title elementor-size-default\">AU-DEL\u00c0 DES FABRICANTS, NOUS SOMMES DES VOYAGEURS ENGAG\u00c9S POUR LA DURABILIT\u00c9.\n<\/h1>\t\t\t\t<\/div>\n\t\t\t\t<\/div>\n\t\t\t\t<div class=\"elementor-element elementor-element-a77d139 elementor-widget elementor-widget-text-editor\" data-id=\"a77d139\" data-element_type=\"widget\" data-widget_type=\"text-editor.default\">\n\t\t\t\t<div class=\"elementor-widget-container\">\n\t\t\t\t\t\t\t\t\t<div id=\"1041918086\" class=\"u_1041918086 dmNewParagraph text-align-center\" data-element-type=\"paragraph\" data-version=\"5\"><p class=\"text-align-justify\">En plus d\u2019\u00eatre des fabricants engag\u00e9s \u00e0 offrir des produits de qualit\u00e9, nous sommes des voyageurs attach\u00e9s \u00e0 la durabilit\u00e9. Nous nous effor\u00e7ons d\u2019innover et d\u2019adopter des pratiques responsables, car nous pensons que chaque choix contribue \u00e0 la protection de notre plan\u00e8te et \u00e0 la construction d\u2019un avenir plus vert pour tous. <\/p><\/div><div id=\"1012663324\" class=\"u_1012663324 dmRespRow hasBackgroundOverlay dmSectionParallaxNew skrollable skrollable-between\" data-center=\"background-position: 50% 0px;\" data-top-bottom=\"background-position: 50% -100px;\" data-bottom-top=\"background-position: 50% 100px;\"><div id=\"1139497246\" class=\"dmRespColsWrapper\"><div id=\"1579159713\" class=\"u_1579159713 dmRespCol small-12 medium-12 large-12\"><div id=\"1432880200\" class=\"dmNewParagraph u_1432880200\" data-version=\"5\"><p class=\"text-align-center\">REJOIGNEZ-NOUS DANS CE VOYAGE !<\/p><\/div><\/div><\/div><\/div><div id=\"1929310202\" class=\"u_1929310202 dmRespRow\" data-page-element-type=\"section\" data-page-element-id=\"1855172903\"><div id=\"1207517976\" class=\"dmRespColsWrapper\"><div id=\"1788631815\" class=\"u_1788631815 dmRespCol large-5 medium-5 small-12\"><div id=\"1089442679\" class=\"graphicWidget u_1089442679\" data-element-type=\"graphic\" data-widget-type=\"graphic\"> <\/div><div id=\"1254131214\" class=\"u_1254131214 dmNewParagraph\" data-element-type=\"paragraph\" data-version=\"5\"> <\/div><\/div><\/div><\/div>\t\t\t\t\t\t\t\t<\/div>\n\t\t\t\t<\/div>\n\t\t\t\t\t<\/div>\n\t\t\t\t<\/div>\n\t\t\t\t<\/div>\n\t\t","protected":false},"excerpt":{"rendered":"<p>VOYAGEZ DE MANI\u00c8RE DURABLE, CR\u00c9EZ DES SOUVENIRS Nous proposons une large gamme de produits de voyage avec lesquels vous pouvez cr\u00e9er mille souvenirs. Et quoi de mieux que de le faire avec des produits issus de bouteilles et de d\u00e9chets recycl\u00e9s ? Utilisons-les de mani\u00e8re responsable. CE QUI NOUS TIENT \u00c0 C\u0152UR Nos produits sont [&hellip;]<\/p>\n","protected":false},"author":1,"featured_media":0,"parent":0,"menu_order":0,"comment_status":"closed","ping_status":"closed","template":"","meta":{"footnotes":""},"class_list":["post-7108","page","type-page","status-publish","hentry"],"_links":{"self":[{"href":"https:\/\/tacoraexplorer.com\/fr\/wp-json\/wp\/v2\/pages\/7108","targetHints":{"allow":["GET"]}}],"collection":[{"href":"https:\/\/tacoraexplorer.com\/fr\/wp-json\/wp\/v2\/pages"}],"about":[{"href":"https:\/\/tacoraexplorer.com\/fr\/wp-json\/wp\/v2\/types\/page"}],"author":[{"embeddable":true,"href":"https:\/\/tacoraexplorer.com\/fr\/wp-json\/wp\/v2\/users\/1"}],"replies":[{"embeddable":true,"href":"https:\/\/tacoraexplorer.com\/fr\/wp-json\/wp\/v2\/comments?post=7108"}],"version-history":[{"count":1,"href":"https:\/\/tacoraexplorer.com\/fr\/wp-json\/wp\/v2\/pages\/7108\/revisions"}],"predecessor-version":[{"id":7119,"href":"https:\/\/tacoraexplorer.com\/fr\/wp-json\/wp\/v2\/pages\/7108\/revisions\/7119"}],"wp:attachment":[{"href":"https:\/\/tacoraexplorer.com\/fr\/wp-json\/wp\/v2\/media?parent=7108"}],"curies":[{"name":"wp","href":"https:\/\/api.w.org\/{rel}","templated":true}]}}