{"id":5364,"date":"2025-01-24T10:14:11","date_gmt":"2025-01-24T09:14:11","guid":{"rendered":"https:\/\/tacoraexplorer.com\/?post_type=product&#038;p=5364"},"modified":"2025-07-30T13:02:27","modified_gmt":"2025-07-30T11:02:27","slug":"cargador-portatil-de-carga-rapida","status":"publish","type":"product","link":"https:\/\/tacoraexplorer.com\/fr\/product\/cargador-portatil-de-carga-rapida\/","title":{"rendered":"CARGADOR PORTATIL DE CARGA R\u00c1PIDA"},"content":{"rendered":"<ul>\n<li>Gran capacidad de 10.000mAh:\u00a0Carga tu m\u00f3vil hasta 3 veces sin preocuparte por quedarte sin bater\u00eda.<\/li>\n<li>Material resistente (ABS): Elegante, duradero y preparado para acompa\u00f1arte en cada aventura.<\/li>\n<li>Dise\u00f1o compacto y liviano: Dimensiones de 140x68x20 mm y un peso de solo 210 g: cabe en tu bolso o bolsillo.<\/li>\n<li>Peso: 0,21 KG<\/li>\n<\/ul>\n","protected":false},"excerpt":{"rendered":"<p>Gran capacidad de 10.000mAh:\u00a0Carga tu m\u00f3vil hasta 3 veces sin preocuparte por quedarte sin bater\u00eda. Material resistente (ABS): Elegante, duradero y preparado para acompa\u00f1arte en cada aventura. Dise\u00f1o compacto y liviano: Dimensiones de 140x68x20 mm y un peso de solo 210 g: cabe en tu bolso o bolsillo. Peso: 0,21 KG<\/p>\n","protected":false},"featured_media":6351,"comment_status":"open","ping_status":"closed","template":"","meta":[],"product_brand":[],"product_cat":[199],"product_tag":[],"class_list":{"0":"post-5364","1":"product","2":"type-product","3":"status-publish","4":"has-post-thumbnail","6":"product_cat-accesorios","8":"first","9":"instock","10":"shipping-taxable","11":"purchasable","12":"product-type-variable"},"_links":{"self":[{"href":"https:\/\/tacoraexplorer.com\/fr\/wp-json\/wp\/v2\/product\/5364","targetHints":{"allow":["GET"]}}],"collection":[{"href":"https:\/\/tacoraexplorer.com\/fr\/wp-json\/wp\/v2\/product"}],"about":[{"href":"https:\/\/tacoraexplorer.com\/fr\/wp-json\/wp\/v2\/types\/product"}],"replies":[{"embeddable":true,"href":"https:\/\/tacoraexplorer.com\/fr\/wp-json\/wp\/v2\/comments?post=5364"}],"wp:featuredmedia":[{"embeddable":true,"href":"https:\/\/tacoraexplorer.com\/fr\/wp-json\/wp\/v2\/media\/6351"}],"wp:attachment":[{"href":"https:\/\/tacoraexplorer.com\/fr\/wp-json\/wp\/v2\/media?parent=5364"}],"wp:term":[{"taxonomy":"product_brand","embeddable":true,"href":"https:\/\/tacoraexplorer.com\/fr\/wp-json\/wp\/v2\/product_brand?post=5364"},{"taxonomy":"product_cat","embeddable":true,"href":"https:\/\/tacoraexplorer.com\/fr\/wp-json\/wp\/v2\/product_cat?post=5364"},{"taxonomy":"product_tag","embeddable":true,"href":"https:\/\/tacoraexplorer.com\/fr\/wp-json\/wp\/v2\/product_tag?post=5364"}],"curies":[{"name":"wp","href":"https:\/\/api.w.org\/{rel}","templated":true}]}}