{"id":5379,"date":"2025-01-24T10:22:32","date_gmt":"2025-01-24T09:22:32","guid":{"rendered":"https:\/\/tacoraexplorer.com\/?post_type=product&#038;p=5379"},"modified":"2025-07-30T12:49:31","modified_gmt":"2025-07-30T10:49:31","slug":"termo-con-taza-500ml","status":"publish","type":"product","link":"https:\/\/tacoraexplorer.com\/fr\/product\/termo-con-taza-500ml\/","title":{"rendered":"TERMO CON TAZA 500ML"},"content":{"rendered":"<ul>\n<li>Interior SS 304<\/li>\n<li>Exterior 201<\/li>\n<li>Capacidad: 500ml<\/li>\n<li>Material duradero y ecol\u00f3gico: Fabricada con materiales de alta calidad, ideal para un uso prolongado y respetuosa con el medio ambiente.<\/li>\n<li>Tama\u00f1o pr\u00e1ctico y port\u00e1til: Ll\u00e9vala contigo al gimnasio, excursiones, oficina o viajes sin ocupar demasiado espacio.<\/li>\n<li>Cierre herm\u00e9tico: Evita derrames indeseados y conserva tus bebidas a la temperatura ideal.<\/li>\n<\/ul>\n","protected":false},"excerpt":{"rendered":"<p>Interior SS 304 Exterior 201 Capacidad: 500ml Material duradero y ecol\u00f3gico: Fabricada con materiales de alta calidad, ideal para un uso prolongado y respetuosa con el medio ambiente. Tama\u00f1o pr\u00e1ctico y port\u00e1til: Ll\u00e9vala contigo al gimnasio, excursiones, oficina o viajes sin ocupar demasiado espacio. Cierre herm\u00e9tico: Evita derrames indeseados y conserva tus bebidas a la [&hellip;]<\/p>\n","protected":false},"featured_media":6341,"comment_status":"open","ping_status":"closed","template":"","meta":[],"product_brand":[],"product_cat":[199],"product_tag":[],"class_list":{"0":"post-5379","1":"product","2":"type-product","3":"status-publish","4":"has-post-thumbnail","6":"product_cat-accesorios","8":"first","9":"instock","10":"shipping-taxable","11":"purchasable","12":"product-type-variable"},"_links":{"self":[{"href":"https:\/\/tacoraexplorer.com\/fr\/wp-json\/wp\/v2\/product\/5379","targetHints":{"allow":["GET"]}}],"collection":[{"href":"https:\/\/tacoraexplorer.com\/fr\/wp-json\/wp\/v2\/product"}],"about":[{"href":"https:\/\/tacoraexplorer.com\/fr\/wp-json\/wp\/v2\/types\/product"}],"replies":[{"embeddable":true,"href":"https:\/\/tacoraexplorer.com\/fr\/wp-json\/wp\/v2\/comments?post=5379"}],"wp:featuredmedia":[{"embeddable":true,"href":"https:\/\/tacoraexplorer.com\/fr\/wp-json\/wp\/v2\/media\/6341"}],"wp:attachment":[{"href":"https:\/\/tacoraexplorer.com\/fr\/wp-json\/wp\/v2\/media?parent=5379"}],"wp:term":[{"taxonomy":"product_brand","embeddable":true,"href":"https:\/\/tacoraexplorer.com\/fr\/wp-json\/wp\/v2\/product_brand?post=5379"},{"taxonomy":"product_cat","embeddable":true,"href":"https:\/\/tacoraexplorer.com\/fr\/wp-json\/wp\/v2\/product_cat?post=5379"},{"taxonomy":"product_tag","embeddable":true,"href":"https:\/\/tacoraexplorer.com\/fr\/wp-json\/wp\/v2\/product_tag?post=5379"}],"curies":[{"name":"wp","href":"https:\/\/api.w.org\/{rel}","templated":true}]}}