{"id":5478,"date":"2025-01-24T11:30:17","date_gmt":"2025-01-24T10:30:17","guid":{"rendered":"https:\/\/tacoraexplorer.com\/?post_type=product&#038;p=5478"},"modified":"2025-08-04T12:56:44","modified_gmt":"2025-08-04T10:56:44","slug":"set-all-for-one","status":"publish","type":"product","link":"https:\/\/tacoraexplorer.com\/fr\/product\/set-all-for-one\/","title":{"rendered":"SET ALL FOR ONE"},"content":{"rendered":"<p>Este set negro de viaje cuenta con nuestra Mochilla Viaje Roller la cual ofrece una capacidad de 35L con unas dimensiones de 48*31*16*CM y un peso de 0,62KG. Tambi\u00e9n a\u00f1adimos nuestro Neceser de viaje Short Trip: unas dimensiones de 24,5*11*11CM y un peso de 0,12KG, este neceser tiene un volumen de 3,5L, por lo que es ideal para llevar tus art\u00edculos de aseo en tus viajes cortos. Y, por \u00faltimo, nuestro set de cargador de carga r\u00e1pida y su estuche para almacenarlo.<\/p>\n","protected":false},"excerpt":{"rendered":"<p>Fabricado a partir de pl\u00e1stico reciclado (RPET)<\/p>\n","protected":false},"featured_media":6471,"comment_status":"open","ping_status":"closed","template":"","meta":[],"product_brand":[],"product_cat":[201],"product_tag":[],"class_list":{"0":"post-5478","1":"product","2":"type-product","3":"status-publish","4":"has-post-thumbnail","6":"product_cat-sets","8":"first","9":"instock","10":"sale","11":"shipping-taxable","12":"purchasable","13":"product-type-simple"},"_links":{"self":[{"href":"https:\/\/tacoraexplorer.com\/fr\/wp-json\/wp\/v2\/product\/5478","targetHints":{"allow":["GET"]}}],"collection":[{"href":"https:\/\/tacoraexplorer.com\/fr\/wp-json\/wp\/v2\/product"}],"about":[{"href":"https:\/\/tacoraexplorer.com\/fr\/wp-json\/wp\/v2\/types\/product"}],"replies":[{"embeddable":true,"href":"https:\/\/tacoraexplorer.com\/fr\/wp-json\/wp\/v2\/comments?post=5478"}],"wp:featuredmedia":[{"embeddable":true,"href":"https:\/\/tacoraexplorer.com\/fr\/wp-json\/wp\/v2\/media\/6471"}],"wp:attachment":[{"href":"https:\/\/tacoraexplorer.com\/fr\/wp-json\/wp\/v2\/media?parent=5478"}],"wp:term":[{"taxonomy":"product_brand","embeddable":true,"href":"https:\/\/tacoraexplorer.com\/fr\/wp-json\/wp\/v2\/product_brand?post=5478"},{"taxonomy":"product_cat","embeddable":true,"href":"https:\/\/tacoraexplorer.com\/fr\/wp-json\/wp\/v2\/product_cat?post=5478"},{"taxonomy":"product_tag","embeddable":true,"href":"https:\/\/tacoraexplorer.com\/fr\/wp-json\/wp\/v2\/product_tag?post=5478"}],"curies":[{"name":"wp","href":"https:\/\/api.w.org\/{rel}","templated":true}]}}