{"id":5498,"date":"2025-01-24T11:44:07","date_gmt":"2025-01-24T10:44:07","guid":{"rendered":"https:\/\/tacoraexplorer.com\/?post_type=product&#038;p=5498"},"modified":"2025-08-04T12:52:29","modified_gmt":"2025-08-04T10:52:29","slug":"set-connecting-you","status":"publish","type":"product","link":"https:\/\/tacoraexplorer.com\/fr\/product\/set-connecting-you\/","title":{"rendered":"SET CONNECTING YOU"},"content":{"rendered":"<p>Este set combina nuestro Organizador de cargadores azul fabricado a partir de pl\u00e1stico reciclado (RPET) que mide 22*13*5 cm y pesa 0,15 kg, por lo que es ideal para el equipaje de mano. Y nuestro Cargador port\u00e1til blanco de carga r\u00e1pida con su tama\u00f1o \u00fanico de 140*68*20 mm y una capacidad de 10000mAh.<\/p>\n","protected":false},"excerpt":{"rendered":"<p>Este set combina nuestro Organizador de cargadores azul fabricado a partir de pl\u00e1stico reciclado (RPET) que mide 22*13*5 cm y pesa 0,15 kg, por lo que es ideal para el equipaje de mano. Y nuestro Cargador port\u00e1til blanco de carga r\u00e1pida con su tama\u00f1o \u00fanico de 140*68*20 mm y una capacidad de 10000mAh.<\/p>\n","protected":false},"featured_media":6465,"comment_status":"open","ping_status":"closed","template":"","meta":[],"product_brand":[],"product_cat":[201],"product_tag":[],"class_list":{"0":"post-5498","1":"product","2":"type-product","3":"status-publish","4":"has-post-thumbnail","6":"product_cat-sets","8":"first","9":"instock","10":"sale","11":"shipping-taxable","12":"purchasable","13":"product-type-simple"},"_links":{"self":[{"href":"https:\/\/tacoraexplorer.com\/fr\/wp-json\/wp\/v2\/product\/5498","targetHints":{"allow":["GET"]}}],"collection":[{"href":"https:\/\/tacoraexplorer.com\/fr\/wp-json\/wp\/v2\/product"}],"about":[{"href":"https:\/\/tacoraexplorer.com\/fr\/wp-json\/wp\/v2\/types\/product"}],"replies":[{"embeddable":true,"href":"https:\/\/tacoraexplorer.com\/fr\/wp-json\/wp\/v2\/comments?post=5498"}],"wp:featuredmedia":[{"embeddable":true,"href":"https:\/\/tacoraexplorer.com\/fr\/wp-json\/wp\/v2\/media\/6465"}],"wp:attachment":[{"href":"https:\/\/tacoraexplorer.com\/fr\/wp-json\/wp\/v2\/media?parent=5498"}],"wp:term":[{"taxonomy":"product_brand","embeddable":true,"href":"https:\/\/tacoraexplorer.com\/fr\/wp-json\/wp\/v2\/product_brand?post=5498"},{"taxonomy":"product_cat","embeddable":true,"href":"https:\/\/tacoraexplorer.com\/fr\/wp-json\/wp\/v2\/product_cat?post=5498"},{"taxonomy":"product_tag","embeddable":true,"href":"https:\/\/tacoraexplorer.com\/fr\/wp-json\/wp\/v2\/product_tag?post=5498"}],"curies":[{"name":"wp","href":"https:\/\/api.w.org\/{rel}","templated":true}]}}