{"id":9349,"date":"2024-12-16T16:32:13","date_gmt":"2024-12-16T15:32:13","guid":{"rendered":"https:\/\/tacoraexplorer.com\/product\/sac-sac-a-dos-tacora\/"},"modified":"2026-03-06T12:48:50","modified_gmt":"2026-03-06T11:48:50","slug":"sac-sac-a-dos-tacora","status":"publish","type":"product","link":"https:\/\/tacoraexplorer.com\/fr\/product\/sac-sac-a-dos-tacora\/","title":{"rendered":"SAC \/ SAC \u00c0 DOS TACORA"},"content":{"rendered":"<ul>\n<li>Fabriqu\u00e9 en tissu RPET \u00e0 partir de plastique recycl\u00e9, offrant durabilit\u00e9 et r\u00e9sistance \u00e0 l\u2019eau.<\/li>\n<li>Avec des dimensions de 52 \u00d7 32,5 \u00d7 22 cm, un poids de 1,36 kg et un volume de 40 L.<\/li>\n<li>Il dispose d\u2019un compartiment principal spacieux, d\u2019un compartiment rembourr\u00e9 pour ordinateur portable avec doublure douce, ainsi que de plusieurs poches, dont une poche inf\u00e9rieure pour les chaussures.<\/li>\n<li>Le panneau arri\u00e8re rembourr\u00e9 et le syst\u00e8me de bandouli\u00e8res r\u00e9glables et amovibles garantissent un confort optimal.<\/li>\n<li>Id\u00e9al pour organiser et prot\u00e9ger vos affaires, ce sac est parfait pour voyager avec style et fonctionnalit\u00e9.<\/li>\n<\/ul>\n","protected":false},"excerpt":{"rendered":"<p>Fabriqu\u00e9 \u00e0 partir de plastique recycl\u00e9 (RPET).<\/p>\n","protected":false},"featured_media":8994,"comment_status":"open","ping_status":"closed","template":"","meta":[],"product_brand":[],"product_cat":[319,322],"product_tag":[],"class_list":{"0":"post-9349","1":"product","2":"type-product","3":"status-publish","4":"has-post-thumbnail","6":"product_cat-sacs","7":"product_cat-sacs-a-dos","9":"first","10":"instock","11":"shipping-taxable","12":"purchasable","13":"product-type-variable","14":"has-default-attributes"},"_links":{"self":[{"href":"https:\/\/tacoraexplorer.com\/fr\/wp-json\/wp\/v2\/product\/9349","targetHints":{"allow":["GET"]}}],"collection":[{"href":"https:\/\/tacoraexplorer.com\/fr\/wp-json\/wp\/v2\/product"}],"about":[{"href":"https:\/\/tacoraexplorer.com\/fr\/wp-json\/wp\/v2\/types\/product"}],"replies":[{"embeddable":true,"href":"https:\/\/tacoraexplorer.com\/fr\/wp-json\/wp\/v2\/comments?post=9349"}],"wp:featuredmedia":[{"embeddable":true,"href":"https:\/\/tacoraexplorer.com\/fr\/wp-json\/wp\/v2\/media\/8994"}],"wp:attachment":[{"href":"https:\/\/tacoraexplorer.com\/fr\/wp-json\/wp\/v2\/media?parent=9349"}],"wp:term":[{"taxonomy":"product_brand","embeddable":true,"href":"https:\/\/tacoraexplorer.com\/fr\/wp-json\/wp\/v2\/product_brand?post=9349"},{"taxonomy":"product_cat","embeddable":true,"href":"https:\/\/tacoraexplorer.com\/fr\/wp-json\/wp\/v2\/product_cat?post=9349"},{"taxonomy":"product_tag","embeddable":true,"href":"https:\/\/tacoraexplorer.com\/fr\/wp-json\/wp\/v2\/product_tag?post=9349"}],"curies":[{"name":"wp","href":"https:\/\/api.w.org\/{rel}","templated":true}]}}