{"id":9375,"date":"2025-01-20T10:38:41","date_gmt":"2025-01-20T09:38:41","guid":{"rendered":"https:\/\/tacoraexplorer.com\/product\/sac-a-dos-roll-top-calbuco\/"},"modified":"2026-03-05T12:51:15","modified_gmt":"2026-03-05T11:51:15","slug":"sac-a-dos-roll-top-calbuco","status":"publish","type":"product","link":"https:\/\/tacoraexplorer.com\/fr\/product\/sac-a-dos-roll-top-calbuco\/","title":{"rendered":"SAC \u00c0 DOS ROLL-TOP CALBUCO"},"content":{"rendered":"<ul>\n<li><span style=\"color: #000000; font-family: Segoe UI;\">Tissu ext\u00e9rieur : RPET 900D avec rev\u00eatement TPE.<\/span><\/li>\n<li><span style=\"color: #000000; font-family: Segoe UI;\">Tissu int\u00e9rieur : RPET 210D avec design Tacora, compartiment avec tissu RPET 190D d\u00e9perlant avec design Tacora.<\/span><\/li>\n<li><span style=\"color: #000000; font-family: Segoe UI;\">Compartiment principal avec fermeture \u00e9clair et s\u00e9paration pour ordinateur portable avec sangle r\u00e9glable.<\/span><\/li>\n<li><span style=\"color: #000000; font-family: Segoe UI;\">Poche frontale verticale avec fermeture \u00e9clair imperm\u00e9able.<\/span><\/li>\n<li><span style=\"color: #000000; font-family: Segoe UI;\">Poche inf\u00e9rieure pour chaussures avec tissu int\u00e9rieur RPET 190D d\u00e9perlant et deux \u0153illets d\u2019a\u00e9ration pour la ventilation.<\/span><\/li>\n<li><span style=\"color: #000000; font-family: Segoe UI;\">Deux poches lat\u00e9rales \u00e9lastiques.<\/span><\/li>\n<li><span style=\"color: #000000; font-family: Segoe UI;\">Panneau arri\u00e8re avec poche zipp\u00e9e pour t\u00e9l\u00e9phone.<\/span><\/li>\n<li><span style=\"color: #000000; font-family: Segoe UI;\">Panneau arri\u00e8re en maille sandwich.<\/span><\/li>\n<li>Dimensions : 48 \u00d7 31 \u00d7 16 cm.<\/li>\n<li><span style=\"color: #000000; font-family: Segoe UI;\">Poids : 0,62 kg. <\/span><\/li>\n<li><span style=\"color: #000000; font-family: Segoe UI;\">Volume : 18 L.<\/span><\/li>\n<\/ul>\n","protected":false},"excerpt":{"rendered":"<p>Fabriqu\u00e9 \u00e0 partir de plastique recycl\u00e9 (RPET).<\/p>\n","protected":false},"featured_media":9022,"comment_status":"open","ping_status":"closed","template":"","meta":[],"product_brand":[],"product_cat":[322],"product_tag":[],"class_list":{"0":"post-9375","1":"product","2":"type-product","3":"status-publish","4":"has-post-thumbnail","6":"product_cat-sacs-a-dos","8":"first","9":"instock","10":"shipping-taxable","11":"purchasable","12":"product-type-variable"},"_links":{"self":[{"href":"https:\/\/tacoraexplorer.com\/fr\/wp-json\/wp\/v2\/product\/9375","targetHints":{"allow":["GET"]}}],"collection":[{"href":"https:\/\/tacoraexplorer.com\/fr\/wp-json\/wp\/v2\/product"}],"about":[{"href":"https:\/\/tacoraexplorer.com\/fr\/wp-json\/wp\/v2\/types\/product"}],"replies":[{"embeddable":true,"href":"https:\/\/tacoraexplorer.com\/fr\/wp-json\/wp\/v2\/comments?post=9375"}],"wp:featuredmedia":[{"embeddable":true,"href":"https:\/\/tacoraexplorer.com\/fr\/wp-json\/wp\/v2\/media\/9022"}],"wp:attachment":[{"href":"https:\/\/tacoraexplorer.com\/fr\/wp-json\/wp\/v2\/media?parent=9375"}],"wp:term":[{"taxonomy":"product_brand","embeddable":true,"href":"https:\/\/tacoraexplorer.com\/fr\/wp-json\/wp\/v2\/product_brand?post=9375"},{"taxonomy":"product_cat","embeddable":true,"href":"https:\/\/tacoraexplorer.com\/fr\/wp-json\/wp\/v2\/product_cat?post=9375"},{"taxonomy":"product_tag","embeddable":true,"href":"https:\/\/tacoraexplorer.com\/fr\/wp-json\/wp\/v2\/product_tag?post=9375"}],"curies":[{"name":"wp","href":"https:\/\/api.w.org\/{rel}","templated":true}]}}