{"id":9455,"date":"2025-01-24T11:48:52","date_gmt":"2025-01-24T10:48:52","guid":{"rendered":"https:\/\/tacoraexplorer.com\/product\/set-sportage\/"},"modified":"2025-01-24T11:48:52","modified_gmt":"2025-01-24T10:48:52","slug":"set-sportage","status":"publish","type":"product","link":"https:\/\/tacoraexplorer.com\/fr\/product\/set-sportage\/","title":{"rendered":"SET SPORTAGE"},"content":{"rendered":"<p>Cet ensemble sportif gris comprend notre sac Sport Travel, qui offre une capacit\u00e9 de 35 L, des dimensions de 50,5 \u00d7 22 \u00d7 34 cm et un poids l\u00e9ger de 0,47 kg. Vous pouvez y ranger notre trousse de toilette de voyage, qui mesure 23 \u00d7 10,5 \u00d7 13 cm et p\u00e8se 0,09 kg, offrant un volume de 3 L. <\/p>\n","protected":false},"excerpt":{"rendered":"<p>Cet ensemble sportif gris comprend notre sac Sport Travel, qui offre une capacit\u00e9 de 35 L, des dimensions de 50,5 \u00d7 22 \u00d7 34 cm et un poids l\u00e9ger de 0,47 kg. Vous pouvez y ranger notre trousse de toilette de voyage, qui mesure 23 \u00d7 10,5 \u00d7 13 cm et p\u00e8se 0,09 kg, offrant [&hellip;]<\/p>\n","protected":false},"featured_media":9166,"comment_status":"open","ping_status":"closed","template":"","meta":[],"product_brand":[],"product_cat":[326],"product_tag":[],"class_list":{"0":"post-9455","1":"product","2":"type-product","3":"status-publish","4":"has-post-thumbnail","6":"product_cat-ensembles","8":"first","9":"instock","10":"sale","11":"shipping-taxable","12":"purchasable","13":"product-type-simple"},"_links":{"self":[{"href":"https:\/\/tacoraexplorer.com\/fr\/wp-json\/wp\/v2\/product\/9455","targetHints":{"allow":["GET"]}}],"collection":[{"href":"https:\/\/tacoraexplorer.com\/fr\/wp-json\/wp\/v2\/product"}],"about":[{"href":"https:\/\/tacoraexplorer.com\/fr\/wp-json\/wp\/v2\/types\/product"}],"replies":[{"embeddable":true,"href":"https:\/\/tacoraexplorer.com\/fr\/wp-json\/wp\/v2\/comments?post=9455"}],"wp:featuredmedia":[{"embeddable":true,"href":"https:\/\/tacoraexplorer.com\/fr\/wp-json\/wp\/v2\/media\/9166"}],"wp:attachment":[{"href":"https:\/\/tacoraexplorer.com\/fr\/wp-json\/wp\/v2\/media?parent=9455"}],"wp:term":[{"taxonomy":"product_brand","embeddable":true,"href":"https:\/\/tacoraexplorer.com\/fr\/wp-json\/wp\/v2\/product_brand?post=9455"},{"taxonomy":"product_cat","embeddable":true,"href":"https:\/\/tacoraexplorer.com\/fr\/wp-json\/wp\/v2\/product_cat?post=9455"},{"taxonomy":"product_tag","embeddable":true,"href":"https:\/\/tacoraexplorer.com\/fr\/wp-json\/wp\/v2\/product_tag?post=9455"}],"curies":[{"name":"wp","href":"https:\/\/api.w.org\/{rel}","templated":true}]}}