{"id":9490,"date":"2025-01-24T10:35:14","date_gmt":"2025-01-24T09:35:14","guid":{"rendered":"https:\/\/tacoraexplorer.com\/product\/bouteille-de-voyage\/"},"modified":"2026-04-13T15:16:19","modified_gmt":"2026-04-13T13:16:19","slug":"bouteille-de-voyage","status":"publish","type":"product","link":"https:\/\/tacoraexplorer.com\/fr\/product\/bouteille-de-voyage\/","title":{"rendered":"BOUTEILLE DE VOYAGE"},"content":{"rendered":"<ul>\n<li>Int\u00e9rieur SS 304<\/li>\n<li>Ext\u00e9rieur 201<\/li>\n<li>Capacit\u00e9 : 550 ml<\/li>\n<li>Design \u00e9l\u00e9gant et moderne : Disponible en plusieurs couleurs vives, parfaite pour se d\u00e9marquer dans n\u2019importe quel environnement.<\/li>\n<li>Taille pratique et portable : Emportez-la avec vous \u00e0 la salle de sport, en excursion, au bureau ou en voyage sans occuper trop d\u2019espace.<\/li>\n<li>Fermeture herm\u00e9tique : \u00c9vite les d\u00e9versements ind\u00e9sirables et conserve vos boissons \u00e0 la temp\u00e9rature id\u00e9ale.<\/li>\n<\/ul>\n","protected":false},"excerpt":{"rendered":"<p>Int\u00e9rieur SS 304 Ext\u00e9rieur 201 Capacit\u00e9 : 550 ml Design \u00e9l\u00e9gant et moderne : Disponible en plusieurs couleurs vives, parfaite pour se d\u00e9marquer dans n\u2019importe quel environnement. Taille pratique et portable : Emportez-la avec vous \u00e0 la salle de sport, en excursion, au bureau ou en voyage sans occuper trop d\u2019espace. Fermeture herm\u00e9tique : \u00c9vite [&hellip;]<\/p>\n","protected":false},"featured_media":9042,"comment_status":"open","ping_status":"closed","template":"","meta":[],"product_brand":[],"product_cat":[318],"product_tag":[],"class_list":{"0":"post-9490","1":"product","2":"type-product","3":"status-publish","4":"has-post-thumbnail","6":"product_cat-accessoires","8":"first","9":"instock","10":"shipping-taxable","11":"purchasable","12":"product-type-variable"},"_links":{"self":[{"href":"https:\/\/tacoraexplorer.com\/fr\/wp-json\/wp\/v2\/product\/9490","targetHints":{"allow":["GET"]}}],"collection":[{"href":"https:\/\/tacoraexplorer.com\/fr\/wp-json\/wp\/v2\/product"}],"about":[{"href":"https:\/\/tacoraexplorer.com\/fr\/wp-json\/wp\/v2\/types\/product"}],"replies":[{"embeddable":true,"href":"https:\/\/tacoraexplorer.com\/fr\/wp-json\/wp\/v2\/comments?post=9490"}],"wp:featuredmedia":[{"embeddable":true,"href":"https:\/\/tacoraexplorer.com\/fr\/wp-json\/wp\/v2\/media\/9042"}],"wp:attachment":[{"href":"https:\/\/tacoraexplorer.com\/fr\/wp-json\/wp\/v2\/media?parent=9490"}],"wp:term":[{"taxonomy":"product_brand","embeddable":true,"href":"https:\/\/tacoraexplorer.com\/fr\/wp-json\/wp\/v2\/product_brand?post=9490"},{"taxonomy":"product_cat","embeddable":true,"href":"https:\/\/tacoraexplorer.com\/fr\/wp-json\/wp\/v2\/product_cat?post=9490"},{"taxonomy":"product_tag","embeddable":true,"href":"https:\/\/tacoraexplorer.com\/fr\/wp-json\/wp\/v2\/product_tag?post=9490"}],"curies":[{"name":"wp","href":"https:\/\/api.w.org\/{rel}","templated":true}]}}