{"id":9500,"date":"2025-01-23T13:06:31","date_gmt":"2025-01-23T12:06:31","guid":{"rendered":"https:\/\/tacoraexplorer.com\/product\/sac-sac-a-dos-femme-new-york\/"},"modified":"2026-04-13T12:42:36","modified_gmt":"2026-04-13T10:42:36","slug":"sac-sac-a-dos-femme-new-york","status":"publish","type":"product","link":"https:\/\/tacoraexplorer.com\/fr\/product\/sac-sac-a-dos-femme-new-york\/","title":{"rendered":"SAC\/SAC \u00c0 DOS FEMME NEW YORK"},"content":{"rendered":"<ul>\n<li>Tissu ext\u00e9rieur : RPET PU polyester<\/li>\n<li>Tissu int\u00e9rieur RPET 210D avec design Tacora<\/li>\n<li>Compartiment principal avec fermeture \u00e9clair. Compartiment pour ordinateur et deux poches int\u00e9rieures en maille <\/li>\n<li>Poche frontale avec fermeture \u00e9clair<\/li>\n<li>2 poches lat\u00e9rales cach\u00e9es \u00e0 l\u2019arri\u00e8re pour le mobile ou le portefeuille, \u00e0 acc\u00e8s facile<\/li>\n<li>Cincha trasera para ajuste en maleta.<\/li>\n<li>Sangle arri\u00e8re pour fixation sur valise<\/li>\n<li>Convertible en mochila para viajes. Con compartimento para guardar las asas de la mochila. <\/li>\n<li>Poign\u00e9es sup\u00e9rieures<\/li>\n<li>Dimensiones: 42 x 29 x 12,5 cm<\/li>\n<li>Poids : 0,6 kg<\/li>\n<li>Volumen: 13 L<\/li>\n<\/ul>\n","protected":false},"excerpt":{"rendered":"<p>Tissu ext\u00e9rieur : RPET PU polyester Tissu int\u00e9rieur RPET 210D avec design Tacora Compartiment principal avec fermeture \u00e9clair. Compartiment pour ordinateur et deux poches int\u00e9rieures en maille Poche frontale avec fermeture \u00e9clair 2 poches lat\u00e9rales cach\u00e9es \u00e0 l\u2019arri\u00e8re pour le mobile ou le portefeuille, \u00e0 acc\u00e8s facile Cincha trasera para ajuste en maleta. Sangle arri\u00e8re [&hellip;]<\/p>\n","protected":false},"featured_media":9272,"comment_status":"open","ping_status":"closed","template":"","meta":[],"product_brand":[],"product_cat":[320,319,322],"product_tag":[],"class_list":{"0":"post-9500","1":"product","2":"type-product","3":"status-publish","4":"has-post-thumbnail","6":"product_cat-collection-femme","7":"product_cat-sacs","8":"product_cat-sacs-a-dos","10":"first","11":"instock","12":"shipping-taxable","13":"purchasable","14":"product-type-variable"},"_links":{"self":[{"href":"https:\/\/tacoraexplorer.com\/fr\/wp-json\/wp\/v2\/product\/9500","targetHints":{"allow":["GET"]}}],"collection":[{"href":"https:\/\/tacoraexplorer.com\/fr\/wp-json\/wp\/v2\/product"}],"about":[{"href":"https:\/\/tacoraexplorer.com\/fr\/wp-json\/wp\/v2\/types\/product"}],"replies":[{"embeddable":true,"href":"https:\/\/tacoraexplorer.com\/fr\/wp-json\/wp\/v2\/comments?post=9500"}],"wp:featuredmedia":[{"embeddable":true,"href":"https:\/\/tacoraexplorer.com\/fr\/wp-json\/wp\/v2\/media\/9272"}],"wp:attachment":[{"href":"https:\/\/tacoraexplorer.com\/fr\/wp-json\/wp\/v2\/media?parent=9500"}],"wp:term":[{"taxonomy":"product_brand","embeddable":true,"href":"https:\/\/tacoraexplorer.com\/fr\/wp-json\/wp\/v2\/product_brand?post=9500"},{"taxonomy":"product_cat","embeddable":true,"href":"https:\/\/tacoraexplorer.com\/fr\/wp-json\/wp\/v2\/product_cat?post=9500"},{"taxonomy":"product_tag","embeddable":true,"href":"https:\/\/tacoraexplorer.com\/fr\/wp-json\/wp\/v2\/product_tag?post=9500"}],"curies":[{"name":"wp","href":"https:\/\/api.w.org\/{rel}","templated":true}]}}