{"id":6952,"date":"2025-03-04T15:20:38","date_gmt":"2025-03-04T14:20:38","guid":{"rendered":"https:\/\/tacoraexplorer.com\/la-nostra-storia\/"},"modified":"2026-03-02T11:28:28","modified_gmt":"2026-03-02T10:28:28","slug":"la-nostra-storia","status":"publish","type":"page","link":"https:\/\/tacoraexplorer.com\/it\/la-nostra-storia\/","title":{"rendered":"La nostra storia"},"content":{"rendered":"\t\t<div data-elementor-type=\"wp-page\" data-elementor-id=\"6952\" class=\"elementor elementor-6952 elementor-5539\" data-elementor-post-type=\"page\">\n\t\t\t\t\t\t<section class=\"elementor-section elementor-top-section elementor-element elementor-element-5158b412 elementor-section-boxed elementor-section-height-default elementor-section-height-default\" data-id=\"5158b412\" data-element_type=\"section\">\n\t\t\t\t\t\t<div class=\"elementor-container elementor-column-gap-default\">\n\t\t\t\t\t<div class=\"elementor-column elementor-col-33 elementor-top-column elementor-element elementor-element-11875c9\" data-id=\"11875c9\" data-element_type=\"column\">\n\t\t\t<div class=\"elementor-widget-wrap elementor-element-populated\">\n\t\t\t\t\t\t<div class=\"elementor-element elementor-element-6c441c0 elementor-widget elementor-widget-text-editor\" data-id=\"6c441c0\" data-element_type=\"widget\" data-widget_type=\"text-editor.default\">\n\t\t\t\t<div class=\"elementor-widget-container\">\n\t\t\t\t\t\t\t\t\t<div class=\"elementToProof\" style=\"text-align: justify;\" role=\"presentation\">Tutto \u00e8 iniziato con un incontro di lavoro in cui Arantxa, brand manager con una vasta esperienza, cercava un fornitore che comprendesse la sua visione di qualit\u00e0 e stile. \u00c8 cos\u00ec che ha conosciuto Peter, un artigiano e imprenditore appassionato del suo mestiere. Quella che era iniziata come una semplice relazione commerciale si \u00e8 presto trasformata in un\u2019alleanza basata sulla passione per i viaggi, la qualit\u00e0 e il design.<\/div><div style=\"text-align: justify;\" role=\"presentation\"> <\/div><div class=\"elementToProof\" style=\"text-align: justify;\" role=\"presentation\">Insieme hanno unito esperienza e artigianalit\u00e0, superando le aspettative dei grandi marchi. Questa collaborazione ha ispirato la creazione di Tacora, un marchio che riflette il loro amore per i viaggi e il loro impegno verso prodotti durevoli e di stile.<\/div><div style=\"text-align: justify;\" role=\"presentation\"> <\/div><div class=\"elementToProof\" style=\"text-align: justify;\" role=\"presentation\">Con oltre 20 anni di esperienza nella produzione di attrezzature outdoor e dopo aver guidato una fabbrica di 250 persone, 8 anni fa hanno deciso di dare vita a Tacora: il loro progetto, dedicato ai viaggiatori che cercano funzionalit\u00e0, resistenza ed eleganza in ogni avventura.<\/div><div style=\"text-align: justify;\" role=\"presentation\"> <\/div><div class=\"elementToProof\" style=\"text-align: justify;\" role=\"presentation\">Oggi Tacora progetta e realizza zaini, accessori e articoli da viaggio pensati per accompagnarti ovunque tu vada. Ogni prodotto combina design pratico, materiali resistenti e la passione di chi comprende cosa significhi viaggiare.<\/div><div role=\"presentation\"> <\/div><div class=\"elementToProof\" role=\"presentation\">Scopri la nostra collezione e rendi ogni viaggio indimenticabile.<\/div>\t\t\t\t\t\t\t\t<\/div>\n\t\t\t\t<\/div>\n\t\t\t\t\t<\/div>\n\t\t<\/div>\n\t\t\t\t<div class=\"elementor-column elementor-col-66 elementor-top-column elementor-element elementor-element-4b2de284\" data-id=\"4b2de284\" data-element_type=\"column\">\n\t\t\t<div class=\"elementor-widget-wrap elementor-element-populated\">\n\t\t\t\t\t\t<div class=\"elementor-element elementor-element-6f95a7e elementor-widget elementor-widget-image\" data-id=\"6f95a7e\" data-element_type=\"widget\" data-widget_type=\"image.default\">\n\t\t\t\t<div class=\"elementor-widget-container\">\n\t\t\t\t\t\t\t\t\t\t\t\t\t\t\t<img fetchpriority=\"high\" decoding=\"async\" width=\"595\" height=\"397\" src=\"https:\/\/tacoraexplorer.com\/wp-content\/uploads\/2025\/02\/quienes-somos-595x397.jpg\" class=\"attachment-large size-large wp-image-8774\" alt=\"\" srcset=\"https:\/\/tacoraexplorer.com\/wp-content\/uploads\/2025\/02\/quienes-somos-595x397.jpg 595w, https:\/\/tacoraexplorer.com\/wp-content\/uploads\/2025\/02\/quienes-somos-350x234.jpg 350w, https:\/\/tacoraexplorer.com\/wp-content\/uploads\/2025\/02\/quienes-somos-150x100.jpg 150w, https:\/\/tacoraexplorer.com\/wp-content\/uploads\/2025\/02\/quienes-somos-768x513.jpg 768w, https:\/\/tacoraexplorer.com\/wp-content\/uploads\/2025\/02\/quienes-somos-1536x1026.jpg 1536w, https:\/\/tacoraexplorer.com\/wp-content\/uploads\/2025\/02\/quienes-somos-2048x1368.jpg 2048w, https:\/\/tacoraexplorer.com\/wp-content\/uploads\/2025\/02\/quienes-somos-450x301.jpg 450w\" sizes=\"(max-width: 595px) 100vw, 595px\" \/>\t\t\t\t\t\t\t\t\t\t\t\t\t\t\t<\/div>\n\t\t\t\t<\/div>\n\t\t\t\t\t<\/div>\n\t\t<\/div>\n\t\t\t\t\t<\/div>\n\t\t<\/section>\n\t\t\t\t<\/div>\n\t\t","protected":false},"excerpt":{"rendered":"<p>Tutto \u00e8 iniziato con un incontro di lavoro in cui Arantxa, brand manager con una vasta esperienza, cercava un fornitore che comprendesse la sua visione di qualit\u00e0 e stile. \u00c8 cos\u00ec che ha conosciuto Peter, un artigiano e imprenditore appassionato del suo mestiere. Quella che era iniziata come una semplice relazione commerciale si \u00e8 presto [&hellip;]<\/p>\n","protected":false},"author":1,"featured_media":0,"parent":0,"menu_order":0,"comment_status":"closed","ping_status":"closed","template":"","meta":{"footnotes":""},"class_list":["post-6952","page","type-page","status-publish","hentry"],"_links":{"self":[{"href":"https:\/\/tacoraexplorer.com\/it\/wp-json\/wp\/v2\/pages\/6952","targetHints":{"allow":["GET"]}}],"collection":[{"href":"https:\/\/tacoraexplorer.com\/it\/wp-json\/wp\/v2\/pages"}],"about":[{"href":"https:\/\/tacoraexplorer.com\/it\/wp-json\/wp\/v2\/types\/page"}],"author":[{"embeddable":true,"href":"https:\/\/tacoraexplorer.com\/it\/wp-json\/wp\/v2\/users\/1"}],"replies":[{"embeddable":true,"href":"https:\/\/tacoraexplorer.com\/it\/wp-json\/wp\/v2\/comments?post=6952"}],"version-history":[{"count":1,"href":"https:\/\/tacoraexplorer.com\/it\/wp-json\/wp\/v2\/pages\/6952\/revisions"}],"predecessor-version":[{"id":6954,"href":"https:\/\/tacoraexplorer.com\/it\/wp-json\/wp\/v2\/pages\/6952\/revisions\/6954"}],"wp:attachment":[{"href":"https:\/\/tacoraexplorer.com\/it\/wp-json\/wp\/v2\/media?parent=6952"}],"curies":[{"name":"wp","href":"https:\/\/api.w.org\/{rel}","templated":true}]}}