{"id":6976,"date":"2025-03-04T15:28:56","date_gmt":"2025-03-04T14:28:56","guid":{"rendered":"https:\/\/tacoraexplorer.com\/i-nostri-valori\/"},"modified":"2026-03-17T11:10:56","modified_gmt":"2026-03-17T10:10:56","slug":"i-nostri-valori","status":"publish","type":"page","link":"https:\/\/tacoraexplorer.com\/it\/i-nostri-valori\/","title":{"rendered":"I nostri valori"},"content":{"rendered":"\t\t<div data-elementor-type=\"wp-page\" data-elementor-id=\"6976\" class=\"elementor elementor-6976 elementor-5549\" data-elementor-post-type=\"page\">\n\t\t\t\t<div class=\"elementor-element elementor-element-4a23c2b e-grid e-con-boxed e-con e-parent\" data-id=\"4a23c2b\" data-element_type=\"container\">\n\t\t\t\t\t<div class=\"e-con-inner\">\n\t\t<div class=\"elementor-element elementor-element-0959d76 e-con-full e-flex e-con e-child\" data-id=\"0959d76\" data-element_type=\"container\">\n\t\t\t\t<div class=\"elementor-element elementor-element-2b5e0c1 elementor-widget__width-initial elementor-widget elementor-widget-image\" data-id=\"2b5e0c1\" data-element_type=\"widget\" data-widget_type=\"image.default\">\n\t\t\t\t<div class=\"elementor-widget-container\">\n\t\t\t\t\t\t\t\t\t\t\t\t\t\t\t<img decoding=\"async\" width=\"150\" height=\"150\" src=\"https:\/\/tacoraexplorer.com\/wp-content\/uploads\/2025\/07\/sustainabilityB-150x150.png\" class=\"attachment-thumbnail size-thumbnail wp-image-8930\" alt=\"\" srcset=\"https:\/\/tacoraexplorer.com\/wp-content\/uploads\/2025\/07\/sustainabilityB-150x150.png 150w, https:\/\/tacoraexplorer.com\/wp-content\/uploads\/2025\/07\/sustainabilityB-300x300.png 300w, https:\/\/tacoraexplorer.com\/wp-content\/uploads\/2025\/07\/sustainabilityB-380x380.png 380w, https:\/\/tacoraexplorer.com\/wp-content\/uploads\/2025\/07\/sustainabilityB-450x450.png 450w, https:\/\/tacoraexplorer.com\/wp-content\/uploads\/2025\/07\/sustainabilityB-350x350.png 350w, https:\/\/tacoraexplorer.com\/wp-content\/uploads\/2025\/07\/sustainabilityB-100x100.png 100w, https:\/\/tacoraexplorer.com\/wp-content\/uploads\/2025\/07\/sustainabilityB.png 500w\" sizes=\"(max-width: 150px) 100vw, 150px\" \/>\t\t\t\t\t\t\t\t\t\t\t\t\t\t\t<\/div>\n\t\t\t\t<\/div>\n\t\t\t\t<div class=\"elementor-element elementor-element-8d5d771 elementor-widget elementor-widget-heading\" data-id=\"8d5d771\" data-element_type=\"widget\" data-widget_type=\"heading.default\">\n\t\t\t\t<div class=\"elementor-widget-container\">\n\t\t\t\t\t<h2 class=\"elementor-heading-title elementor-size-default\">Sostenibilit\u00e0<\/h2>\t\t\t\t<\/div>\n\t\t\t\t<\/div>\n\t\t\t\t<div class=\"elementor-element elementor-element-219d3be elementor-widget elementor-widget-text-editor\" data-id=\"219d3be\" data-element_type=\"widget\" data-widget_type=\"text-editor.default\">\n\t\t\t\t<div class=\"elementor-widget-container\">\n\t\t\t\t\t\t\t\t\t<div id=\"1999055671\" class=\"u_1999055671 dmNewParagraph\" data-element-type=\"paragraph\" data-version=\"5\" data-ai-tag=\"Card 1: Short description\"><p class=\"m-size-16\"><span class=\"m-font-size-16\">La certificazione GRS garantisce che utilizziamo materiali riciclati e pratiche sostenibili, dimostrando il nostro impegno per la trasparenza e la responsabilit\u00e0.<\/span><\/p><\/div>\t\t\t\t\t\t\t\t<\/div>\n\t\t\t\t<\/div>\n\t\t\t\t<\/div>\n\t\t<div class=\"elementor-element elementor-element-4743ecf e-con-full e-flex e-con e-child\" data-id=\"4743ecf\" data-element_type=\"container\">\n\t\t\t\t<div class=\"elementor-element elementor-element-0972c5d elementor-widget elementor-widget-image\" data-id=\"0972c5d\" data-element_type=\"widget\" data-widget_type=\"image.default\">\n\t\t\t\t<div class=\"elementor-widget-container\">\n\t\t\t\t\t\t\t\t\t\t\t\t\t\t\t<img decoding=\"async\" width=\"150\" height=\"150\" src=\"https:\/\/tacoraexplorer.com\/wp-content\/uploads\/2025\/07\/trustB1-150x150.png\" class=\"attachment-thumbnail size-thumbnail wp-image-6985\" alt=\"\" srcset=\"https:\/\/tacoraexplorer.com\/wp-content\/uploads\/2025\/07\/trustB1-150x150.png 150w, https:\/\/tacoraexplorer.com\/wp-content\/uploads\/2025\/07\/trustB1-300x300.png 300w, https:\/\/tacoraexplorer.com\/wp-content\/uploads\/2025\/07\/trustB1-380x380.png 380w, https:\/\/tacoraexplorer.com\/wp-content\/uploads\/2025\/07\/trustB1-450x450.png 450w, https:\/\/tacoraexplorer.com\/wp-content\/uploads\/2025\/07\/trustB1-350x350.png 350w, https:\/\/tacoraexplorer.com\/wp-content\/uploads\/2025\/07\/trustB1-100x100.png 100w, https:\/\/tacoraexplorer.com\/wp-content\/uploads\/2025\/07\/trustB1.png 500w\" sizes=\"(max-width: 150px) 100vw, 150px\" \/>\t\t\t\t\t\t\t\t\t\t\t\t\t\t\t<\/div>\n\t\t\t\t<\/div>\n\t\t\t\t<div class=\"elementor-element elementor-element-4828a52 elementor-widget elementor-widget-heading\" data-id=\"4828a52\" data-element_type=\"widget\" data-widget_type=\"heading.default\">\n\t\t\t\t<div class=\"elementor-widget-container\">\n\t\t\t\t\t<h2 class=\"elementor-heading-title elementor-size-default\">Fiducia<\/h2>\t\t\t\t<\/div>\n\t\t\t\t<\/div>\n\t\t\t\t<div class=\"elementor-element elementor-element-f83c861 elementor-widget elementor-widget-text-editor\" data-id=\"f83c861\" data-element_type=\"widget\" data-widget_type=\"text-editor.default\">\n\t\t\t\t<div class=\"elementor-widget-container\">\n\t\t\t\t\t\t\t\t\tNella nostra azienda, la fiducia guida le nostre relazioni interne ed esterne, riflettendosi nell\u2019integrit\u00e0 e nella qualit\u00e0 dei nostri prodotti e servizi.\t\t\t\t\t\t\t\t<\/div>\n\t\t\t\t<\/div>\n\t\t\t\t<\/div>\n\t\t<div class=\"elementor-element elementor-element-4b3dcd6 e-con-full e-flex e-con e-child\" data-id=\"4b3dcd6\" data-element_type=\"container\">\n\t\t\t\t<div class=\"elementor-element elementor-element-864d1a0 elementor-widget elementor-widget-image\" data-id=\"864d1a0\" data-element_type=\"widget\" data-widget_type=\"image.default\">\n\t\t\t\t<div class=\"elementor-widget-container\">\n\t\t\t\t\t\t\t\t\t\t\t\t\t\t\t<img decoding=\"async\" width=\"150\" height=\"150\" src=\"https:\/\/tacoraexplorer.com\/wp-content\/uploads\/2025\/07\/honestyB1-150x150.png\" class=\"attachment-thumbnail size-thumbnail wp-image-6983\" alt=\"\" srcset=\"https:\/\/tacoraexplorer.com\/wp-content\/uploads\/2025\/07\/honestyB1-150x150.png 150w, https:\/\/tacoraexplorer.com\/wp-content\/uploads\/2025\/07\/honestyB1-300x300.png 300w, https:\/\/tacoraexplorer.com\/wp-content\/uploads\/2025\/07\/honestyB1-380x380.png 380w, https:\/\/tacoraexplorer.com\/wp-content\/uploads\/2025\/07\/honestyB1-450x450.png 450w, https:\/\/tacoraexplorer.com\/wp-content\/uploads\/2025\/07\/honestyB1-350x350.png 350w, https:\/\/tacoraexplorer.com\/wp-content\/uploads\/2025\/07\/honestyB1-100x100.png 100w, https:\/\/tacoraexplorer.com\/wp-content\/uploads\/2025\/07\/honestyB1.png 500w\" sizes=\"(max-width: 150px) 100vw, 150px\" \/>\t\t\t\t\t\t\t\t\t\t\t\t\t\t\t<\/div>\n\t\t\t\t<\/div>\n\t\t\t\t<div class=\"elementor-element elementor-element-0b52156 elementor-widget elementor-widget-heading\" data-id=\"0b52156\" data-element_type=\"widget\" data-widget_type=\"heading.default\">\n\t\t\t\t<div class=\"elementor-widget-container\">\n\t\t\t\t\t<h2 class=\"elementor-heading-title elementor-size-default\">Onest\u00e0<\/h2>\t\t\t\t<\/div>\n\t\t\t\t<\/div>\n\t\t\t\t<div class=\"elementor-element elementor-element-2bc9631 elementor-widget elementor-widget-text-editor\" data-id=\"2bc9631\" data-element_type=\"widget\" data-widget_type=\"text-editor.default\">\n\t\t\t\t<div class=\"elementor-widget-container\">\n\t\t\t\t\t\t\t\t\t<p>L\u2019onest\u00e0 \u00e8 alla base delle nostre decisioni e relazioni, sia interne che esterne, garantendo trasparenza e affidabilit\u00e0 verso tutti i nostri stakeholder.<\/p>\t\t\t\t\t\t\t\t<\/div>\n\t\t\t\t<\/div>\n\t\t\t\t<\/div>\n\t\t\t\t\t<\/div>\n\t\t\t\t<\/div>\n\t\t<div class=\"elementor-element elementor-element-67471c0 e-grid e-con-boxed e-con e-parent\" data-id=\"67471c0\" data-element_type=\"container\">\n\t\t\t\t\t<div class=\"e-con-inner\">\n\t\t<div class=\"elementor-element elementor-element-5fcfcee e-con-full e-flex e-con e-child\" data-id=\"5fcfcee\" data-element_type=\"container\">\n\t\t\t\t<div class=\"elementor-element elementor-element-3d3f9b0 elementor-widget elementor-widget-image\" data-id=\"3d3f9b0\" data-element_type=\"widget\" data-widget_type=\"image.default\">\n\t\t\t\t<div class=\"elementor-widget-container\">\n\t\t\t\t\t\t\t\t\t\t\t\t\t\t\t<img loading=\"lazy\" decoding=\"async\" width=\"150\" height=\"150\" src=\"https:\/\/tacoraexplorer.com\/wp-content\/uploads\/2025\/07\/teamworkB1-150x150.png\" class=\"attachment-thumbnail size-thumbnail wp-image-6984\" alt=\"\" srcset=\"https:\/\/tacoraexplorer.com\/wp-content\/uploads\/2025\/07\/teamworkB1-150x150.png 150w, https:\/\/tacoraexplorer.com\/wp-content\/uploads\/2025\/07\/teamworkB1-300x300.png 300w, https:\/\/tacoraexplorer.com\/wp-content\/uploads\/2025\/07\/teamworkB1-380x380.png 380w, https:\/\/tacoraexplorer.com\/wp-content\/uploads\/2025\/07\/teamworkB1-450x450.png 450w, https:\/\/tacoraexplorer.com\/wp-content\/uploads\/2025\/07\/teamworkB1-350x350.png 350w, https:\/\/tacoraexplorer.com\/wp-content\/uploads\/2025\/07\/teamworkB1-100x100.png 100w, https:\/\/tacoraexplorer.com\/wp-content\/uploads\/2025\/07\/teamworkB1.png 500w\" sizes=\"(max-width: 150px) 100vw, 150px\" \/>\t\t\t\t\t\t\t\t\t\t\t\t\t\t\t<\/div>\n\t\t\t\t<\/div>\n\t\t\t\t<div class=\"elementor-element elementor-element-20b8123 elementor-widget elementor-widget-heading\" data-id=\"20b8123\" data-element_type=\"widget\" data-widget_type=\"heading.default\">\n\t\t\t\t<div class=\"elementor-widget-container\">\n\t\t\t\t\t<h2 class=\"elementor-heading-title elementor-size-default\">Lavoro di squadra<\/h2>\t\t\t\t<\/div>\n\t\t\t\t<\/div>\n\t\t\t\t<div class=\"elementor-element elementor-element-483c986 elementor-widget elementor-widget-text-editor\" data-id=\"483c986\" data-element_type=\"widget\" data-widget_type=\"text-editor.default\">\n\t\t\t\t<div class=\"elementor-widget-container\">\n\t\t\t\t\t\t\t\t\tValorizziamo il lavoro di squadra sia internamente sia nelle relazioni esterne, promuovendo la collaborazione e l\u2019impegno collettivo per raggiungere obiettivi comuni e creare partnership vantaggiose.\n\n\t\t\t\t\t\t\t\t<\/div>\n\t\t\t\t<\/div>\n\t\t\t\t<\/div>\n\t\t<div class=\"elementor-element elementor-element-fb92092 e-con-full e-flex e-con e-child\" data-id=\"fb92092\" data-element_type=\"container\">\n\t\t\t\t<div class=\"elementor-element elementor-element-23580e5 elementor-widget elementor-widget-image\" data-id=\"23580e5\" data-element_type=\"widget\" data-widget_type=\"image.default\">\n\t\t\t\t<div class=\"elementor-widget-container\">\n\t\t\t\t\t\t\t\t\t\t\t\t\t\t\t<img loading=\"lazy\" decoding=\"async\" width=\"150\" height=\"150\" src=\"https:\/\/tacoraexplorer.com\/wp-content\/uploads\/2025\/07\/qualityB-150x150.png\" class=\"attachment-thumbnail size-thumbnail wp-image-8926\" alt=\"\" srcset=\"https:\/\/tacoraexplorer.com\/wp-content\/uploads\/2025\/07\/qualityB-150x150.png 150w, https:\/\/tacoraexplorer.com\/wp-content\/uploads\/2025\/07\/qualityB-300x300.png 300w, https:\/\/tacoraexplorer.com\/wp-content\/uploads\/2025\/07\/qualityB-380x380.png 380w, https:\/\/tacoraexplorer.com\/wp-content\/uploads\/2025\/07\/qualityB-450x450.png 450w, https:\/\/tacoraexplorer.com\/wp-content\/uploads\/2025\/07\/qualityB-350x350.png 350w, https:\/\/tacoraexplorer.com\/wp-content\/uploads\/2025\/07\/qualityB-100x100.png 100w, https:\/\/tacoraexplorer.com\/wp-content\/uploads\/2025\/07\/qualityB.png 500w\" sizes=\"(max-width: 150px) 100vw, 150px\" \/>\t\t\t\t\t\t\t\t\t\t\t\t\t\t\t<\/div>\n\t\t\t\t<\/div>\n\t\t\t\t<div class=\"elementor-element elementor-element-41c06de elementor-widget elementor-widget-heading\" data-id=\"41c06de\" data-element_type=\"widget\" data-widget_type=\"heading.default\">\n\t\t\t\t<div class=\"elementor-widget-container\">\n\t\t\t\t\t<h2 class=\"elementor-heading-title elementor-size-default\">Qualit\u00e0<\/h2>\t\t\t\t<\/div>\n\t\t\t\t<\/div>\n\t\t\t\t<div class=\"elementor-element elementor-element-dcffd8c elementor-widget elementor-widget-text-editor\" data-id=\"dcffd8c\" data-element_type=\"widget\" data-widget_type=\"text-editor.default\">\n\t\t\t\t<div class=\"elementor-widget-container\">\n\t\t\t\t\t\t\t\t\t<p>La qualit\u00e0 \u00e8 il cuore della nostra offerta, garantendo prodotti da viaggio durevoli, funzionali e affidabili grazie a materiali accuratamente selezionati, innovazione, design, test e sostenibilit\u00e0.<\/p>\t\t\t\t\t\t\t\t<\/div>\n\t\t\t\t<\/div>\n\t\t\t\t<\/div>\n\t\t<div class=\"elementor-element elementor-element-c04f64b e-con-full e-flex e-con e-child\" data-id=\"c04f64b\" data-element_type=\"container\">\n\t\t\t\t<div class=\"elementor-element elementor-element-ad1c9e3 elementor-widget elementor-widget-image\" data-id=\"ad1c9e3\" data-element_type=\"widget\" data-widget_type=\"image.default\">\n\t\t\t\t<div class=\"elementor-widget-container\">\n\t\t\t\t\t\t\t\t\t\t\t\t\t\t\t<img loading=\"lazy\" decoding=\"async\" width=\"150\" height=\"150\" src=\"https:\/\/tacoraexplorer.com\/wp-content\/uploads\/2025\/07\/serviceB-150x150.png\" class=\"attachment-thumbnail size-thumbnail wp-image-8928\" alt=\"\" srcset=\"https:\/\/tacoraexplorer.com\/wp-content\/uploads\/2025\/07\/serviceB-150x150.png 150w, https:\/\/tacoraexplorer.com\/wp-content\/uploads\/2025\/07\/serviceB-300x300.png 300w, https:\/\/tacoraexplorer.com\/wp-content\/uploads\/2025\/07\/serviceB-380x380.png 380w, https:\/\/tacoraexplorer.com\/wp-content\/uploads\/2025\/07\/serviceB-450x450.png 450w, https:\/\/tacoraexplorer.com\/wp-content\/uploads\/2025\/07\/serviceB-350x350.png 350w, https:\/\/tacoraexplorer.com\/wp-content\/uploads\/2025\/07\/serviceB-100x100.png 100w, https:\/\/tacoraexplorer.com\/wp-content\/uploads\/2025\/07\/serviceB.png 500w\" sizes=\"(max-width: 150px) 100vw, 150px\" \/>\t\t\t\t\t\t\t\t\t\t\t\t\t\t\t<\/div>\n\t\t\t\t<\/div>\n\t\t\t\t<div class=\"elementor-element elementor-element-a052a77 elementor-widget elementor-widget-heading\" data-id=\"a052a77\" data-element_type=\"widget\" data-widget_type=\"heading.default\">\n\t\t\t\t<div class=\"elementor-widget-container\">\n\t\t\t\t\t<h2 class=\"elementor-heading-title elementor-size-default\">Servizio<\/h2>\t\t\t\t<\/div>\n\t\t\t\t<\/div>\n\t\t\t\t<div class=\"elementor-element elementor-element-72a4942 elementor-widget elementor-widget-text-editor\" data-id=\"72a4942\" data-element_type=\"widget\" data-widget_type=\"text-editor.default\">\n\t\t\t\t<div class=\"elementor-widget-container\">\n\t\t\t\t\t\t\t\t\tNel competitivo mondo dei prodotti da viaggio, ci distinguiamo offrendo un servizio eccezionale che supera le aspettative grazie a un\u2019attenzione personalizzata, un\u2019assistenza completa e un\u2019elevata disponibilit\u00e0.\t\t\t\t\t\t\t\t<\/div>\n\t\t\t\t<\/div>\n\t\t\t\t<\/div>\n\t\t\t\t\t<\/div>\n\t\t\t\t<\/div>\n\t\t\t\t<\/div>\n\t\t","protected":false},"excerpt":{"rendered":"<p>Sostenibilit\u00e0 La certificazione GRS garantisce che utilizziamo materiali riciclati e pratiche sostenibili, dimostrando il nostro impegno per la trasparenza e la responsabilit\u00e0. Fiducia Nella nostra azienda, la fiducia guida le nostre relazioni interne ed esterne, riflettendosi nell\u2019integrit\u00e0 e nella qualit\u00e0 dei nostri prodotti e servizi. Onest\u00e0 L\u2019onest\u00e0 \u00e8 alla base delle nostre decisioni e relazioni, [&hellip;]<\/p>\n","protected":false},"author":1,"featured_media":0,"parent":0,"menu_order":0,"comment_status":"closed","ping_status":"closed","template":"","meta":{"footnotes":""},"class_list":["post-6976","page","type-page","status-publish","hentry"],"_links":{"self":[{"href":"https:\/\/tacoraexplorer.com\/it\/wp-json\/wp\/v2\/pages\/6976","targetHints":{"allow":["GET"]}}],"collection":[{"href":"https:\/\/tacoraexplorer.com\/it\/wp-json\/wp\/v2\/pages"}],"about":[{"href":"https:\/\/tacoraexplorer.com\/it\/wp-json\/wp\/v2\/types\/page"}],"author":[{"embeddable":true,"href":"https:\/\/tacoraexplorer.com\/it\/wp-json\/wp\/v2\/users\/1"}],"replies":[{"embeddable":true,"href":"https:\/\/tacoraexplorer.com\/it\/wp-json\/wp\/v2\/comments?post=6976"}],"version-history":[{"count":3,"href":"https:\/\/tacoraexplorer.com\/it\/wp-json\/wp\/v2\/pages\/6976\/revisions"}],"predecessor-version":[{"id":6988,"href":"https:\/\/tacoraexplorer.com\/it\/wp-json\/wp\/v2\/pages\/6976\/revisions\/6988"}],"wp:attachment":[{"href":"https:\/\/tacoraexplorer.com\/it\/wp-json\/wp\/v2\/media?parent=6976"}],"curies":[{"name":"wp","href":"https:\/\/api.w.org\/{rel}","templated":true}]}}