{"id":6993,"date":"2025-07-14T10:13:55","date_gmt":"2025-07-14T08:13:55","guid":{"rendered":"https:\/\/tacoraexplorer.com\/i-nostri-negozi\/"},"modified":"2026-03-17T11:11:37","modified_gmt":"2026-03-17T10:11:37","slug":"i-nostri-negozi","status":"publish","type":"page","link":"https:\/\/tacoraexplorer.com\/it\/i-nostri-negozi\/","title":{"rendered":"I NOSTRI NEGOZI"},"content":{"rendered":"\t\t<div data-elementor-type=\"wp-page\" data-elementor-id=\"6993\" class=\"elementor elementor-6993 elementor-5907\" data-elementor-post-type=\"page\">\n\t\t\t\t<div class=\"elementor-element elementor-element-241ffba e-con-full e-flex e-con e-parent\" data-id=\"241ffba\" data-element_type=\"container\">\n\t\t<div class=\"elementor-element elementor-element-1c2d969 e-flex e-con-boxed e-con e-child\" data-id=\"1c2d969\" data-element_type=\"container\">\n\t\t\t\t\t<div class=\"e-con-inner\">\n\t\t\t\t<div class=\"elementor-element elementor-element-2056ba1 elementor-widget elementor-widget-heading\" data-id=\"2056ba1\" data-element_type=\"widget\" data-widget_type=\"heading.default\">\n\t\t\t\t<div class=\"elementor-widget-container\">\n\t\t\t\t\t<h2 class=\"elementor-heading-title elementor-size-default\">In Tacora crediamo nella forza delle partnership.<\/h2>\t\t\t\t<\/div>\n\t\t\t\t<\/div>\n\t\t\t\t<div class=\"elementor-element elementor-element-50694cc elementor-widget elementor-widget-text-editor\" data-id=\"50694cc\" data-element_type=\"widget\" data-widget_type=\"text-editor.default\">\n\t\t\t\t<div class=\"elementor-widget-container\">\n\t\t\t\t\t\t\t\t\t<p>In Tacora non ci dedichiamo solo a offrire prodotti di qualit\u00e0; costruiamo anche ponti con altri negozi e attivit\u00e0 affinch\u00e9 i nostri prodotti possano arrivare sempre pi\u00f9 lontano. Collaboriamo con una rete di attivit\u00e0 locali e regionali che condividono i nostri valori: impegno, fiducia e passione per offrire un\u2019eccellente esperienza al cliente. Grazie a queste collaborazioni, rendiamo i nostri prodotti disponibili in pi\u00f9 punti vendita, avvicinandoli alle persone in modo pi\u00f9 rapido, diretto ed efficiente.<\/p>\t\t\t\t\t\t\t\t<\/div>\n\t\t\t\t<\/div>\n\t\t\t\t\t<\/div>\n\t\t\t\t<\/div>\n\t\t\t\t<\/div>\n\t\t<div class=\"elementor-element elementor-element-ed38595 e-flex e-con-boxed e-con e-parent\" data-id=\"ed38595\" data-element_type=\"container\">\n\t\t\t\t\t<div class=\"e-con-inner\">\n\t\t<div class=\"elementor-element elementor-element-9f86966 e-grid e-con-full e-con e-child\" data-id=\"9f86966\" data-element_type=\"container\">\n\t\t<div class=\"elementor-element elementor-element-e8b3795 e-con-full e-flex e-con e-child\" data-id=\"e8b3795\" data-element_type=\"container\">\n\t\t<div class=\"elementor-element elementor-element-84d32e7 e-con-full e-flex e-con e-child\" data-id=\"84d32e7\" data-element_type=\"container\">\n\t\t\t\t<div class=\"elementor-element elementor-element-9bd36c8 elementor-widget elementor-widget-heading\" data-id=\"9bd36c8\" data-element_type=\"widget\" data-widget_type=\"heading.default\">\n\t\t\t\t<div class=\"elementor-widget-container\">\n\t\t\t\t\t<h2 class=\"elementor-heading-title elementor-size-default\"><span>DODY'S MAN<\/span> - Zarautz<\/h2>\t\t\t\t<\/div>\n\t\t\t\t<\/div>\n\t\t\t\t<div class=\"elementor-element elementor-element-0fe1cac elementor-widget elementor-widget-google_maps\" data-id=\"0fe1cac\" data-element_type=\"widget\" data-widget_type=\"google_maps.default\">\n\t\t\t\t<div class=\"elementor-widget-container\">\n\t\t\t\t\t\t\t<div class=\"elementor-custom-embed\">\n\t\t\t<iframe loading=\"lazy\"\n\t\t\t\t\tsrc=\"https:\/\/maps.google.com\/maps?q=Calle%2C%20Azara%20Kalea%2C%201%2C%2020800%20Zarautz%2C%20Gipuzkoa%2C%20Espa%C3%B1a&#038;t=m&#038;z=17&#038;output=embed&#038;iwloc=near\"\n\t\t\t\t\ttitle=\"Calle, Azara Kalea, 1, 20800 Zarautz, Gipuzkoa, Espa\u00f1a\"\n\t\t\t\t\taria-label=\"Calle, Azara Kalea, 1, 20800 Zarautz, Gipuzkoa, Espa\u00f1a\"\n\t\t\t><\/iframe>\n\t\t<\/div>\n\t\t\t\t\t\t<\/div>\n\t\t\t\t<\/div>\n\t\t\t\t<\/div>\n\t\t\t\t<\/div>\n\t\t<div class=\"elementor-element elementor-element-f381f51 e-con-full e-flex e-con e-child\" data-id=\"f381f51\" data-element_type=\"container\">\n\t\t<div class=\"elementor-element elementor-element-a155909 e-con-full e-flex e-con e-child\" data-id=\"a155909\" data-element_type=\"container\">\n\t\t\t\t<div class=\"elementor-element elementor-element-a4d8823 elementor-widget elementor-widget-heading\" data-id=\"a4d8823\" data-element_type=\"widget\" data-widget_type=\"heading.default\">\n\t\t\t\t<div class=\"elementor-widget-container\">\n\t\t\t\t\t<h2 class=\"elementor-heading-title elementor-size-default\">Manhattan Store - Villagarcia de Arousa<\/h2>\t\t\t\t<\/div>\n\t\t\t\t<\/div>\n\t\t\t\t<div class=\"elementor-element elementor-element-15e70e2 elementor-widget elementor-widget-google_maps\" data-id=\"15e70e2\" data-element_type=\"widget\" data-widget_type=\"google_maps.default\">\n\t\t\t\t<div class=\"elementor-widget-container\">\n\t\t\t\t\t\t\t<div class=\"elementor-custom-embed\">\n\t\t\t<iframe loading=\"lazy\"\n\t\t\t\t\tsrc=\"https:\/\/maps.google.com\/maps?q=R%C3%BAa%20do%20Alcalde%20Rey%20Davi%C3%B1a%2C%2010%2C%2036600%20Vilagarc%C3%ADa%20de%20Arousa%2C%20Pontevedra&#038;t=m&#038;z=18&#038;output=embed&#038;iwloc=near\"\n\t\t\t\t\ttitle=\"R\u00faa do Alcalde Rey Davi\u00f1a, 10, 36600 Vilagarc\u00eda de Arousa, Pontevedra\"\n\t\t\t\t\taria-label=\"R\u00faa do Alcalde Rey Davi\u00f1a, 10, 36600 Vilagarc\u00eda de Arousa, Pontevedra\"\n\t\t\t><\/iframe>\n\t\t<\/div>\n\t\t\t\t\t\t<\/div>\n\t\t\t\t<\/div>\n\t\t\t\t<\/div>\n\t\t\t\t<\/div>\n\t\t<div class=\"elementor-element elementor-element-c94a772 e-con-full e-flex e-con e-child\" data-id=\"c94a772\" data-element_type=\"container\">\n\t\t<div class=\"elementor-element elementor-element-76e8287 e-con-full e-flex e-con e-child\" data-id=\"76e8287\" data-element_type=\"container\">\n\t\t\t\t<div class=\"elementor-element elementor-element-8cc6b2f elementor-widget elementor-widget-heading\" data-id=\"8cc6b2f\" data-element_type=\"widget\" data-widget_type=\"heading.default\">\n\t\t\t\t<div class=\"elementor-widget-container\">\n\t\t\t\t\t<h2 class=\"elementor-heading-title elementor-size-default\">Donto Guzm\u00e1n El Bueno - Madrid<\/h2>\t\t\t\t<\/div>\n\t\t\t\t<\/div>\n\t\t\t\t<div class=\"elementor-element elementor-element-feef440 elementor-widget elementor-widget-google_maps\" data-id=\"feef440\" data-element_type=\"widget\" data-widget_type=\"google_maps.default\">\n\t\t\t\t<div class=\"elementor-widget-container\">\n\t\t\t\t\t\t\t<div class=\"elementor-custom-embed\">\n\t\t\t<iframe loading=\"lazy\"\n\t\t\t\t\tsrc=\"https:\/\/maps.google.com\/maps?q=DONTO%20GUZM%C3%81N%20EL%20BUENO&#038;t=m&#038;z=16&#038;output=embed&#038;iwloc=near\"\n\t\t\t\t\ttitle=\"DONTO GUZM\u00c1N EL BUENO\"\n\t\t\t\t\taria-label=\"DONTO GUZM\u00c1N EL BUENO\"\n\t\t\t><\/iframe>\n\t\t<\/div>\n\t\t\t\t\t\t<\/div>\n\t\t\t\t<\/div>\n\t\t\t\t<\/div>\n\t\t\t\t<\/div>\n\t\t<div class=\"elementor-element elementor-element-431d68b e-con-full e-flex e-con e-child\" data-id=\"431d68b\" data-element_type=\"container\">\n\t\t<div class=\"elementor-element elementor-element-91c4445 e-con-full e-flex e-con e-child\" data-id=\"91c4445\" data-element_type=\"container\">\n\t\t\t\t<div class=\"elementor-element elementor-element-83d8bdd elementor-widget elementor-widget-heading\" data-id=\"83d8bdd\" data-element_type=\"widget\" data-widget_type=\"heading.default\">\n\t\t\t\t<div class=\"elementor-widget-container\">\n\t\t\t\t\t<h2 class=\"elementor-heading-title elementor-size-default\">Savilerow - Madrid<\/h2>\t\t\t\t<\/div>\n\t\t\t\t<\/div>\n\t\t\t\t<div class=\"elementor-element elementor-element-7000b0c elementor-widget elementor-widget-google_maps\" data-id=\"7000b0c\" data-element_type=\"widget\" data-widget_type=\"google_maps.default\">\n\t\t\t\t<div class=\"elementor-widget-container\">\n\t\t\t\t\t\t\t<div class=\"elementor-custom-embed\">\n\t\t\t<iframe loading=\"lazy\"\n\t\t\t\t\tsrc=\"https:\/\/maps.google.com\/maps?q=Savilerow%20Calle%20Ayala%2050%2C%2028001%20Madrid&#038;t=m&#038;z=16&#038;output=embed&#038;iwloc=near\"\n\t\t\t\t\ttitle=\"Savilerow Calle Ayala 50, 28001 Madrid\"\n\t\t\t\t\taria-label=\"Savilerow Calle Ayala 50, 28001 Madrid\"\n\t\t\t><\/iframe>\n\t\t<\/div>\n\t\t\t\t\t\t<\/div>\n\t\t\t\t<\/div>\n\t\t\t\t<\/div>\n\t\t\t\t<\/div>\n\t\t<div class=\"elementor-element elementor-element-d5686f9 e-con-full e-flex e-con e-child\" data-id=\"d5686f9\" data-element_type=\"container\">\n\t\t<div class=\"elementor-element elementor-element-453b21f e-con-full e-flex e-con e-child\" data-id=\"453b21f\" data-element_type=\"container\">\n\t\t\t\t<div class=\"elementor-element elementor-element-3836a82 elementor-widget elementor-widget-heading\" data-id=\"3836a82\" data-element_type=\"widget\" data-widget_type=\"heading.default\">\n\t\t\t\t<div class=\"elementor-widget-container\">\n\t\t\t\t\t<h2 class=\"elementor-heading-title elementor-size-default\">XTREME - Vitoria Gasteiz<\/h2>\t\t\t\t<\/div>\n\t\t\t\t<\/div>\n\t\t\t\t<div class=\"elementor-element elementor-element-d4a9f95 elementor-widget elementor-widget-google_maps\" data-id=\"d4a9f95\" data-element_type=\"widget\" data-widget_type=\"google_maps.default\">\n\t\t\t\t<div class=\"elementor-widget-container\">\n\t\t\t\t\t\t\t<div class=\"elementor-custom-embed\">\n\t\t\t<iframe loading=\"lazy\"\n\t\t\t\t\tsrc=\"https:\/\/maps.google.com\/maps?q=General%20Alava%20Kalea%2C%201%2C%2001005%20Vitoria-Gasteiz%2C%20Araba&#038;t=m&#038;z=18&#038;output=embed&#038;iwloc=near\"\n\t\t\t\t\ttitle=\"General Alava Kalea, 1, 01005 Vitoria-Gasteiz, Araba\"\n\t\t\t\t\taria-label=\"General Alava Kalea, 1, 01005 Vitoria-Gasteiz, Araba\"\n\t\t\t><\/iframe>\n\t\t<\/div>\n\t\t\t\t\t\t<\/div>\n\t\t\t\t<\/div>\n\t\t\t\t<\/div>\n\t\t\t\t<\/div>\n\t\t<div class=\"elementor-element elementor-element-ec2cd94 e-con-full e-flex e-con e-child\" data-id=\"ec2cd94\" data-element_type=\"container\">\n\t\t<div class=\"elementor-element elementor-element-7e70b1e e-con-full e-flex e-con e-child\" data-id=\"7e70b1e\" data-element_type=\"container\">\n\t\t\t\t<div class=\"elementor-element elementor-element-8b32372 elementor-widget elementor-widget-heading\" data-id=\"8b32372\" data-element_type=\"widget\" data-widget_type=\"heading.default\">\n\t\t\t\t<div class=\"elementor-widget-container\">\n\t\t\t\t\t<h2 class=\"elementor-heading-title elementor-size-default\">Juanjo Moda Hombre - Teruel<\/h2>\t\t\t\t<\/div>\n\t\t\t\t<\/div>\n\t\t\t\t<div class=\"elementor-element elementor-element-b5fc4e8 elementor-widget elementor-widget-google_maps\" data-id=\"b5fc4e8\" data-element_type=\"widget\" data-widget_type=\"google_maps.default\">\n\t\t\t\t<div class=\"elementor-widget-container\">\n\t\t\t\t\t\t\t<div class=\"elementor-custom-embed\">\n\t\t\t<iframe loading=\"lazy\"\n\t\t\t\t\tsrc=\"https:\/\/maps.google.com\/maps?q=JUANJO%20ROPA%20HOMBRE&#038;t=m&#038;z=18&#038;output=embed&#038;iwloc=near\"\n\t\t\t\t\ttitle=\"JUANJO ROPA HOMBRE\"\n\t\t\t\t\taria-label=\"JUANJO ROPA HOMBRE\"\n\t\t\t><\/iframe>\n\t\t<\/div>\n\t\t\t\t\t\t<\/div>\n\t\t\t\t<\/div>\n\t\t\t\t<\/div>\n\t\t\t\t<\/div>\n\t\t<div class=\"elementor-element elementor-element-a88d0a4 e-con-full e-flex e-con e-child\" data-id=\"a88d0a4\" data-element_type=\"container\">\n\t\t<div class=\"elementor-element elementor-element-e78adf0 e-con-full e-flex e-con e-child\" data-id=\"e78adf0\" data-element_type=\"container\">\n\t\t\t\t<div class=\"elementor-element elementor-element-1b4510a elementor-widget elementor-widget-heading\" data-id=\"1b4510a\" data-element_type=\"widget\" data-widget_type=\"heading.default\">\n\t\t\t\t<div class=\"elementor-widget-container\">\n\t\t\t\t\t<h2 class=\"elementor-heading-title elementor-size-default\">Antonio Gibanel Curto - Huesca<\/h2>\t\t\t\t<\/div>\n\t\t\t\t<\/div>\n\t\t\t\t<div class=\"elementor-element elementor-element-04c981f elementor-widget elementor-widget-google_maps\" data-id=\"04c981f\" data-element_type=\"widget\" data-widget_type=\"google_maps.default\">\n\t\t\t\t<div class=\"elementor-widget-container\">\n\t\t\t\t\t\t\t<div class=\"elementor-custom-embed\">\n\t\t\t<iframe loading=\"lazy\"\n\t\t\t\t\tsrc=\"https:\/\/maps.google.com\/maps?q=C.%20San%20Ram%C3%B3n%2C%2036%2C%2022300%20Barbastro%2C%20Huesca&#038;t=m&#038;z=18&#038;output=embed&#038;iwloc=near\"\n\t\t\t\t\ttitle=\"C. San Ram\u00f3n, 36, 22300 Barbastro, Huesca\"\n\t\t\t\t\taria-label=\"C. San Ram\u00f3n, 36, 22300 Barbastro, Huesca\"\n\t\t\t><\/iframe>\n\t\t<\/div>\n\t\t\t\t\t\t<\/div>\n\t\t\t\t<\/div>\n\t\t\t\t<\/div>\n\t\t\t\t<\/div>\n\t\t<div class=\"elementor-element elementor-element-f182549 e-con-full e-flex e-con e-child\" data-id=\"f182549\" data-element_type=\"container\">\n\t\t<div class=\"elementor-element elementor-element-4190b53 e-con-full e-flex e-con e-child\" data-id=\"4190b53\" data-element_type=\"container\">\n\t\t\t\t<div class=\"elementor-element elementor-element-d08714c elementor-widget elementor-widget-heading\" data-id=\"d08714c\" data-element_type=\"widget\" data-widget_type=\"heading.default\">\n\t\t\t\t<div class=\"elementor-widget-container\">\n\t\t\t\t\t<h2 class=\"elementor-heading-title elementor-size-default\">Pirde Moda - Lugo<\/h2>\t\t\t\t<\/div>\n\t\t\t\t<\/div>\n\t\t\t\t<div class=\"elementor-element elementor-element-46ad2fa elementor-widget elementor-widget-google_maps\" data-id=\"46ad2fa\" data-element_type=\"widget\" data-widget_type=\"google_maps.default\">\n\t\t\t\t<div class=\"elementor-widget-container\">\n\t\t\t\t\t\t\t<div class=\"elementor-custom-embed\">\n\t\t\t<iframe loading=\"lazy\"\n\t\t\t\t\tsrc=\"https:\/\/maps.google.com\/maps?q=R%C3%BAa%20Eduardo%20Pondal%2C%202%2C%20bajo%2C%2027780%20Foz%2C%20Lugo&#038;t=m&#038;z=18&#038;output=embed&#038;iwloc=near\"\n\t\t\t\t\ttitle=\"R\u00faa Eduardo Pondal, 2, bajo, 27780 Foz, Lugo\"\n\t\t\t\t\taria-label=\"R\u00faa Eduardo Pondal, 2, bajo, 27780 Foz, Lugo\"\n\t\t\t><\/iframe>\n\t\t<\/div>\n\t\t\t\t\t\t<\/div>\n\t\t\t\t<\/div>\n\t\t\t\t<\/div>\n\t\t\t\t<\/div>\n\t\t<div class=\"elementor-element elementor-element-f5239b3 e-con-full e-flex e-con e-child\" data-id=\"f5239b3\" data-element_type=\"container\">\n\t\t<div class=\"elementor-element elementor-element-0ff9cdb e-con-full e-flex e-con e-child\" data-id=\"0ff9cdb\" data-element_type=\"container\">\n\t\t\t\t<div class=\"elementor-element elementor-element-78ee95f elementor-widget elementor-widget-heading\" data-id=\"78ee95f\" data-element_type=\"widget\" data-widget_type=\"heading.default\">\n\t\t\t\t<div class=\"elementor-widget-container\">\n\t\t\t\t\t<h2 class=\"elementor-heading-title elementor-size-default\">INDOMITO 108 - Madrid<\/h2>\t\t\t\t<\/div>\n\t\t\t\t<\/div>\n\t\t\t\t<div class=\"elementor-element elementor-element-6133942 elementor-widget elementor-widget-google_maps\" data-id=\"6133942\" data-element_type=\"widget\" data-widget_type=\"google_maps.default\">\n\t\t\t\t<div class=\"elementor-widget-container\">\n\t\t\t\t\t\t\t<div class=\"elementor-custom-embed\">\n\t\t\t<iframe loading=\"lazy\"\n\t\t\t\t\tsrc=\"https:\/\/maps.google.com\/maps?q=C.%20de%20Lope%20de%20Vega%2C%2012%2C%20Centro%2C%2028014%20Madrid&#038;t=m&#038;z=19&#038;output=embed&#038;iwloc=near\"\n\t\t\t\t\ttitle=\"C. de Lope de Vega, 12, Centro, 28014 Madrid\"\n\t\t\t\t\taria-label=\"C. de Lope de Vega, 12, Centro, 28014 Madrid\"\n\t\t\t><\/iframe>\n\t\t<\/div>\n\t\t\t\t\t\t<\/div>\n\t\t\t\t<\/div>\n\t\t\t\t<\/div>\n\t\t\t\t<\/div>\n\t\t<div class=\"elementor-element elementor-element-a830a00 e-con-full e-flex e-con e-child\" data-id=\"a830a00\" data-element_type=\"container\">\n\t\t<div class=\"elementor-element elementor-element-05bd5ef e-con-full e-flex e-con e-child\" data-id=\"05bd5ef\" data-element_type=\"container\">\n\t\t\t\t<div class=\"elementor-element elementor-element-33e3153 elementor-widget elementor-widget-heading\" data-id=\"33e3153\" data-element_type=\"widget\" data-widget_type=\"heading.default\">\n\t\t\t\t<div class=\"elementor-widget-container\">\n\t\t\t\t\t<h2 class=\"elementor-heading-title elementor-size-default\">BACKSTAGE - Gij\u00f3n<\/h2>\t\t\t\t<\/div>\n\t\t\t\t<\/div>\n\t\t\t\t<div class=\"elementor-element elementor-element-c7aa3de elementor-widget elementor-widget-google_maps\" data-id=\"c7aa3de\" data-element_type=\"widget\" data-widget_type=\"google_maps.default\">\n\t\t\t\t<div class=\"elementor-widget-container\">\n\t\t\t\t\t\t\t<div class=\"elementor-custom-embed\">\n\t\t\t<iframe loading=\"lazy\"\n\t\t\t\t\tsrc=\"https:\/\/maps.google.com\/maps?q=Calle%20Los%20Moros%2037%2C%20bajo%2C%2033206%20Gij%C3%B3n&#038;t=m&#038;z=19&#038;output=embed&#038;iwloc=near\"\n\t\t\t\t\ttitle=\"Calle Los Moros 37, bajo, 33206 Gij\u00f3n\"\n\t\t\t\t\taria-label=\"Calle Los Moros 37, bajo, 33206 Gij\u00f3n\"\n\t\t\t><\/iframe>\n\t\t<\/div>\n\t\t\t\t\t\t<\/div>\n\t\t\t\t<\/div>\n\t\t\t\t<\/div>\n\t\t\t\t<\/div>\n\t\t<div class=\"elementor-element elementor-element-3dce76b e-con-full e-flex e-con e-child\" data-id=\"3dce76b\" data-element_type=\"container\">\n\t\t<div class=\"elementor-element elementor-element-ae4f947 e-con-full e-flex e-con e-child\" data-id=\"ae4f947\" data-element_type=\"container\">\n\t\t\t\t<div class=\"elementor-element elementor-element-dc21c89 elementor-widget elementor-widget-heading\" data-id=\"dc21c89\" data-element_type=\"widget\" data-widget_type=\"heading.default\">\n\t\t\t\t<div class=\"elementor-widget-container\">\n\t\t\t\t\t<h2 class=\"elementor-heading-title elementor-size-default\">KALIMA - Renter\u00eda<\/h2>\t\t\t\t<\/div>\n\t\t\t\t<\/div>\n\t\t\t\t<div class=\"elementor-element elementor-element-82ace7e elementor-widget elementor-widget-google_maps\" data-id=\"82ace7e\" data-element_type=\"widget\" data-widget_type=\"google_maps.default\">\n\t\t\t\t<div class=\"elementor-widget-container\">\n\t\t\t\t\t\t\t<div class=\"elementor-custom-embed\">\n\t\t\t<iframe loading=\"lazy\"\n\t\t\t\t\tsrc=\"https:\/\/maps.google.com\/maps?q=CALLE%20VITERI%2025%2C%2020100%20RENTERIA&#038;t=m&#038;z=19&#038;output=embed&#038;iwloc=near\"\n\t\t\t\t\ttitle=\"CALLE VITERI 25, 20100 RENTERIA\"\n\t\t\t\t\taria-label=\"CALLE VITERI 25, 20100 RENTERIA\"\n\t\t\t><\/iframe>\n\t\t<\/div>\n\t\t\t\t\t\t<\/div>\n\t\t\t\t<\/div>\n\t\t\t\t<\/div>\n\t\t\t\t<\/div>\n\t\t<div class=\"elementor-element elementor-element-702be83 e-con-full e-flex e-con e-child\" data-id=\"702be83\" data-element_type=\"container\">\n\t\t<div class=\"elementor-element elementor-element-31aa1b5 e-con-full e-flex e-con e-child\" data-id=\"31aa1b5\" data-element_type=\"container\">\n\t\t\t\t<div class=\"elementor-element elementor-element-9918bfb elementor-widget elementor-widget-heading\" data-id=\"9918bfb\" data-element_type=\"widget\" data-widget_type=\"heading.default\">\n\t\t\t\t<div class=\"elementor-widget-container\">\n\t\t\t\t\t<h2 class=\"elementor-heading-title elementor-size-default\">SIXSTORE- Donostia<\/h2>\t\t\t\t<\/div>\n\t\t\t\t<\/div>\n\t\t\t\t<div class=\"elementor-element elementor-element-b067283 elementor-widget elementor-widget-google_maps\" data-id=\"b067283\" data-element_type=\"widget\" data-widget_type=\"google_maps.default\">\n\t\t\t\t<div class=\"elementor-widget-container\">\n\t\t\t\t\t\t\t<div class=\"elementor-custom-embed\">\n\t\t\t<iframe loading=\"lazy\"\n\t\t\t\t\tsrc=\"https:\/\/maps.google.com\/maps?q=AVENIDA%20ZURRIOLA%201%2C%2020002%20DONOSTIA%20SAN%20SEBASTIAN&#038;t=m&#038;z=19&#038;output=embed&#038;iwloc=near\"\n\t\t\t\t\ttitle=\"AVENIDA ZURRIOLA 1, 20002 DONOSTIA SAN SEBASTIAN\"\n\t\t\t\t\taria-label=\"AVENIDA ZURRIOLA 1, 20002 DONOSTIA SAN SEBASTIAN\"\n\t\t\t><\/iframe>\n\t\t<\/div>\n\t\t\t\t\t\t<\/div>\n\t\t\t\t<\/div>\n\t\t\t\t<\/div>\n\t\t\t\t<\/div>\n\t\t\t\t<\/div>\n\t\t\t\t\t<\/div>\n\t\t\t\t<\/div>\n\t\t\t\t<\/div>\n\t\t","protected":false},"excerpt":{"rendered":"<p>In Tacora crediamo nella forza delle partnership. In Tacora non ci dedichiamo solo a offrire prodotti di qualit\u00e0; costruiamo anche ponti con altri negozi e attivit\u00e0 affinch\u00e9 i nostri prodotti possano arrivare sempre pi\u00f9 lontano. Collaboriamo con una rete di attivit\u00e0 locali e regionali che condividono i nostri valori: impegno, fiducia e passione per offrire [&hellip;]<\/p>\n","protected":false},"author":1,"featured_media":0,"parent":0,"menu_order":0,"comment_status":"closed","ping_status":"closed","template":"","meta":{"footnotes":""},"class_list":["post-6993","page","type-page","status-publish","hentry"],"_links":{"self":[{"href":"https:\/\/tacoraexplorer.com\/it\/wp-json\/wp\/v2\/pages\/6993","targetHints":{"allow":["GET"]}}],"collection":[{"href":"https:\/\/tacoraexplorer.com\/it\/wp-json\/wp\/v2\/pages"}],"about":[{"href":"https:\/\/tacoraexplorer.com\/it\/wp-json\/wp\/v2\/types\/page"}],"author":[{"embeddable":true,"href":"https:\/\/tacoraexplorer.com\/it\/wp-json\/wp\/v2\/users\/1"}],"replies":[{"embeddable":true,"href":"https:\/\/tacoraexplorer.com\/it\/wp-json\/wp\/v2\/comments?post=6993"}],"version-history":[{"count":1,"href":"https:\/\/tacoraexplorer.com\/it\/wp-json\/wp\/v2\/pages\/6993\/revisions"}],"predecessor-version":[{"id":6994,"href":"https:\/\/tacoraexplorer.com\/it\/wp-json\/wp\/v2\/pages\/6993\/revisions\/6994"}],"wp:attachment":[{"href":"https:\/\/tacoraexplorer.com\/it\/wp-json\/wp\/v2\/media?parent=6993"}],"curies":[{"name":"wp","href":"https:\/\/api.w.org\/{rel}","templated":true}]}}