{"id":9354,"date":"2024-12-16T16:32:13","date_gmt":"2024-12-16T15:32:13","guid":{"rendered":"https:\/\/tacoraexplorer.com\/product\/borsa-zaino-tacora\/"},"modified":"2026-03-06T12:49:12","modified_gmt":"2026-03-06T11:49:12","slug":"borsa-zaino-tacora","status":"publish","type":"product","link":"https:\/\/tacoraexplorer.com\/it\/product\/borsa-zaino-tacora\/","title":{"rendered":"BORSA \/ ZAINO TACORA"},"content":{"rendered":"<ul>\n<li>Realizzata con tessuto RPET derivato da plastica riciclata, offre durata e resistenza all\u2019acqua.<\/li>\n<li>Con dimensioni di 52 \u00d7 32,5 \u00d7 22 cm, un peso di 1,36 kg e una capacit\u00e0 di 40 L.<\/li>\n<li>\u00c8 dotata di un ampio scomparto principale, uno scomparto imbottito per laptop con rivestimento morbido e diverse tasche, tra cui una tasca inferiore per le scarpe.<\/li>\n<li>Il pannello posteriore imbottito e il sistema di cinghie regolabili e rimovibili per la spalla garantiscono il massimo comfort.<\/li>\n<li>Ideale per organizzare e proteggere i tuoi effetti personali, questa borsa \u00e8 perfetta per viaggiare con stile e funzionalit\u00e0.<\/li>\n<\/ul>\n","protected":false},"excerpt":{"rendered":"<p>Realizzata in plastica riciclata (RPET).<\/p>\n","protected":false},"featured_media":8995,"comment_status":"open","ping_status":"closed","template":"","meta":[],"product_brand":[],"product_cat":[329,332],"product_tag":[],"class_list":{"0":"post-9354","1":"product","2":"type-product","3":"status-publish","4":"has-post-thumbnail","6":"product_cat-borse","7":"product_cat-zaini","9":"first","10":"instock","11":"shipping-taxable","12":"purchasable","13":"product-type-variable","14":"has-default-attributes"},"_links":{"self":[{"href":"https:\/\/tacoraexplorer.com\/it\/wp-json\/wp\/v2\/product\/9354","targetHints":{"allow":["GET"]}}],"collection":[{"href":"https:\/\/tacoraexplorer.com\/it\/wp-json\/wp\/v2\/product"}],"about":[{"href":"https:\/\/tacoraexplorer.com\/it\/wp-json\/wp\/v2\/types\/product"}],"replies":[{"embeddable":true,"href":"https:\/\/tacoraexplorer.com\/it\/wp-json\/wp\/v2\/comments?post=9354"}],"wp:featuredmedia":[{"embeddable":true,"href":"https:\/\/tacoraexplorer.com\/it\/wp-json\/wp\/v2\/media\/8995"}],"wp:attachment":[{"href":"https:\/\/tacoraexplorer.com\/it\/wp-json\/wp\/v2\/media?parent=9354"}],"wp:term":[{"taxonomy":"product_brand","embeddable":true,"href":"https:\/\/tacoraexplorer.com\/it\/wp-json\/wp\/v2\/product_brand?post=9354"},{"taxonomy":"product_cat","embeddable":true,"href":"https:\/\/tacoraexplorer.com\/it\/wp-json\/wp\/v2\/product_cat?post=9354"},{"taxonomy":"product_tag","embeddable":true,"href":"https:\/\/tacoraexplorer.com\/it\/wp-json\/wp\/v2\/product_tag?post=9354"}],"curies":[{"name":"wp","href":"https:\/\/api.w.org\/{rel}","templated":true}]}}