{"id":9456,"date":"2025-01-24T11:48:52","date_gmt":"2025-01-24T10:48:52","guid":{"rendered":"https:\/\/tacoraexplorer.com\/product\/set-sportage\/"},"modified":"2025-01-24T11:48:52","modified_gmt":"2025-01-24T10:48:52","slug":"set-sportage","status":"publish","type":"product","link":"https:\/\/tacoraexplorer.com\/it\/product\/set-sportage\/","title":{"rendered":"SET SPORTAGE"},"content":{"rendered":"<p>Questo set sportivo grigio include la nostra borsa Sport Travel, che ha una capacit\u00e0 di 35 L, dimensioni di 50,5 \u00d7 22 \u00d7 34 cm e un peso leggero di 0,47 kg. Puoi inserire al suo interno il nostro beauty case da viaggio, che misura 23 \u00d7 10,5 \u00d7 13 cm e pesa 0,09 kg, offrendo una capacit\u00e0 di 3 L. <\/p>\n","protected":false},"excerpt":{"rendered":"<p>Questo set sportivo grigio include la nostra borsa Sport Travel, che ha una capacit\u00e0 di 35 L, dimensioni di 50,5 \u00d7 22 \u00d7 34 cm e un peso leggero di 0,47 kg. Puoi inserire al suo interno il nostro beauty case da viaggio, che misura 23 \u00d7 10,5 \u00d7 13 cm e pesa 0,09 kg, [&hellip;]<\/p>\n","protected":false},"featured_media":9167,"comment_status":"open","ping_status":"closed","template":"","meta":[],"product_brand":[],"product_cat":[336],"product_tag":[],"class_list":{"0":"post-9456","1":"product","2":"type-product","3":"status-publish","4":"has-post-thumbnail","6":"product_cat-set","8":"first","9":"instock","10":"sale","11":"shipping-taxable","12":"purchasable","13":"product-type-simple"},"_links":{"self":[{"href":"https:\/\/tacoraexplorer.com\/it\/wp-json\/wp\/v2\/product\/9456","targetHints":{"allow":["GET"]}}],"collection":[{"href":"https:\/\/tacoraexplorer.com\/it\/wp-json\/wp\/v2\/product"}],"about":[{"href":"https:\/\/tacoraexplorer.com\/it\/wp-json\/wp\/v2\/types\/product"}],"replies":[{"embeddable":true,"href":"https:\/\/tacoraexplorer.com\/it\/wp-json\/wp\/v2\/comments?post=9456"}],"wp:featuredmedia":[{"embeddable":true,"href":"https:\/\/tacoraexplorer.com\/it\/wp-json\/wp\/v2\/media\/9167"}],"wp:attachment":[{"href":"https:\/\/tacoraexplorer.com\/it\/wp-json\/wp\/v2\/media?parent=9456"}],"wp:term":[{"taxonomy":"product_brand","embeddable":true,"href":"https:\/\/tacoraexplorer.com\/it\/wp-json\/wp\/v2\/product_brand?post=9456"},{"taxonomy":"product_cat","embeddable":true,"href":"https:\/\/tacoraexplorer.com\/it\/wp-json\/wp\/v2\/product_cat?post=9456"},{"taxonomy":"product_tag","embeddable":true,"href":"https:\/\/tacoraexplorer.com\/it\/wp-json\/wp\/v2\/product_tag?post=9456"}],"curies":[{"name":"wp","href":"https:\/\/api.w.org\/{rel}","templated":true}]}}